{"id":982,"date":"2015-02-12T13:31:17","date_gmt":"2015-02-12T12:31:17","guid":{"rendered":"https:\/\/unser-aschbach.de\/staging2025\/?page_id=982"},"modified":"2015-02-15T11:34:01","modified_gmt":"2015-02-15T10:34:01","slug":"wer-kann-sich-erinnern","status":"publish","type":"page","link":"https:\/\/unser-aschbach.de\/staging2025\/fotoalbum\/wer-kann-sich-erinnern\/","title":{"rendered":"Wer kann sich erinnern&#8230;"},"content":{"rendered":"<p>Auf dieser Seite stelle ich alte Fotos ein, zu denen es noch Informationsbedarf gibt. Wenn jemand zu den Bildern etwas weiss, w\u00e4re es toll, diese Informationen mitzuteilen &#8211; entweder als Kommentar zu diesem Beitrag oder \u00fcber das Kontaktformular.<\/p>\n<p>&nbsp;<\/p>\n<div class=\"tiled-gallery type-rectangular tiled-gallery-unresized\" data-original-width=\"900\" data-carousel-extra='{&quot;blog_id&quot;:1,&quot;permalink&quot;:&quot;https:\\\/\\\/unser-aschbach.de\\\/staging2025\\\/fotoalbum\\\/wer-kann-sich-erinnern\\\/&quot;,&quot;likes_blog_id&quot;:240470843}' itemscope itemtype=\"http:\/\/schema.org\/ImageGallery\" > <div class=\"gallery-row\" style=\"width: 900px; height: 585px;\" data-original-width=\"900\" data-original-height=\"585\" > <div class=\"gallery-group images-1\" style=\"width: 900px; height: 585px;\" data-original-width=\"900\" data-original-height=\"585\" > <div class=\"tiled-gallery-item tiled-gallery-item-large\" itemprop=\"associatedMedia\" itemscope itemtype=\"http:\/\/schema.org\/ImageObject\"> <a href=\"https:\/\/unser-aschbach.de\/staging2025\/ansicht-kirche\/\" border=\"0\" itemprop=\"url\"> <meta itemprop=\"width\" content=\"896\"> <meta itemprop=\"height\" content=\"581\"> <img decoding=\"async\" class=\"\" data-attachment-id=\"975\" data-orig-file=\"https:\/\/unser-aschbach.de\/staging2025\/wp-content\/uploads\/2015\/02\/Ansicht-Kirche.jpg\" data-orig-size=\"1200,778\" data-comments-opened=\"1\" data-image-meta=\"{&quot;aperture&quot;:&quot;0&quot;,&quot;credit&quot;:&quot;&quot;,&quot;camera&quot;:&quot;&quot;,&quot;caption&quot;:&quot;&quot;,&quot;created_timestamp&quot;:&quot;0&quot;,&quot;copyright&quot;:&quot;&quot;,&quot;focal_length&quot;:&quot;0&quot;,&quot;iso&quot;:&quot;0&quot;,&quot;shutter_speed&quot;:&quot;0&quot;,&quot;title&quot;:&quot;&quot;,&quot;orientation&quot;:&quot;0&quot;}\" data-image-title=\"Ansicht Kirche\" data-image-description=\"&lt;p&gt;Blick vom Hirtenberg auf den M\u00fchlenberg&lt;\/p&gt; \" data-medium-file=\"https:\/\/i0.wp.com\/unser-aschbach.de\/staging2025\/wp-content\/uploads\/2015\/02\/Ansicht-Kirche.jpg?fit=300%2C194&#038;ssl=1\" data-large-file=\"https:\/\/i0.wp.com\/unser-aschbach.de\/staging2025\/wp-content\/uploads\/2015\/02\/Ansicht-Kirche.jpg?fit=900%2C584&#038;ssl=1\" src=\"https:\/\/i0.wp.com\/unser-aschbach.de\/staging2025\/wp-content\/uploads\/2015\/02\/Ansicht-Kirche.jpg?w=896&#038;h=581&#038;ssl=1\" srcset=\"https:\/\/i0.wp.com\/unser-aschbach.de\/staging2025\/wp-content\/uploads\/2015\/02\/Ansicht-Kirche.jpg?w=1200&amp;ssl=1 1200w, https:\/\/i0.wp.com\/unser-aschbach.de\/staging2025\/wp-content\/uploads\/2015\/02\/Ansicht-Kirche.jpg?resize=300%2C194&amp;ssl=1 300w, https:\/\/i0.wp.com\/unser-aschbach.de\/staging2025\/wp-content\/uploads\/2015\/02\/Ansicht-Kirche.jpg?resize=1024%2C664&amp;ssl=1 1024w\" width=\"896\" height=\"581\" loading=\"lazy\" data-original-width=\"896\" data-original-height=\"581\" itemprop=\"http:\/\/schema.org\/image\" title=\"Ansicht Kirche\" alt=\"Ansicht Kirche\" style=\"width: 896px; height: 581px;\" \/> <\/a> <\/div> <\/div> <!-- close group --> <\/div> <!-- close row --> <\/div>\n<p>Dieses Foto stammt aus dem Jahre 1955. Wenn man das Bild vergr\u00f6\u00dfert, erkennt man\u00a0das Friedhofsgel\u00e4nde sehr gut. Auf diesem Gel\u00e4nde sind 4 bauliche Anlagen zu erkennen. Wer weiss, um was es sich da genau handelt?<\/p>\n<p>&nbsp;<\/p>\n<div class=\"shariff shariff-align-flex-start shariff-widget-align-flex-start\"><ul class=\"shariff-buttons theme-round orientation-horizontal buttonsize-medium\"><li class=\"shariff-button mailto shariff-nocustomcolor\" style=\"background-color:#a8a8a8\"><a href=\"mailto:?body=https%3A%2F%2Funser-aschbach.de%2Fstaging2025%2Ffotoalbum%2Fwer-kann-sich-erinnern%2F&subject=Wer%20kann%20sich%20erinnern%E2%80%A6\" title=\"Per E-Mail versenden\" aria-label=\"Per E-Mail versenden\" role=\"button\" rel=\"noopener nofollow\" class=\"shariff-link\" style=\"; background-color:#999; color:#fff\"><span class=\"shariff-icon\" style=\"\"><svg width=\"32px\" height=\"20px\" xmlns=\"http:\/\/www.w3.org\/2000\/svg\" viewBox=\"0 0 32 32\"><path fill=\"#999\" d=\"M32 12.7v14.2q0 1.2-0.8 2t-2 0.9h-26.3q-1.2 0-2-0.9t-0.8-2v-14.2q0.8 0.9 1.8 1.6 6.5 4.4 8.9 6.1 1 0.8 1.6 1.2t1.7 0.9 2 0.4h0.1q0.9 0 2-0.4t1.7-0.9 1.6-1.2q3-2.2 8.9-6.1 1-0.7 1.8-1.6zM32 7.4q0 1.4-0.9 2.7t-2.2 2.2q-6.7 4.7-8.4 5.8-0.2 0.1-0.7 0.5t-1 0.7-0.9 0.6-1.1 0.5-0.9 0.2h-0.1q-0.4 0-0.9-0.2t-1.1-0.5-0.9-0.6-1-0.7-0.7-0.5q-1.6-1.1-4.7-3.2t-3.6-2.6q-1.1-0.7-2.1-2t-1-2.5q0-1.4 0.7-2.3t2.1-0.9h26.3q1.2 0 2 0.8t0.9 2z\"\/><\/svg><\/span><\/a><\/li><li class=\"shariff-button facebook shariff-nocustomcolor\" style=\"background-color:#4273c8\"><a href=\"https:\/\/www.facebook.com\/sharer\/sharer.php?u=https%3A%2F%2Funser-aschbach.de%2Fstaging2025%2Ffotoalbum%2Fwer-kann-sich-erinnern%2F\" title=\"Bei Facebook teilen\" aria-label=\"Bei Facebook teilen\" role=\"button\" rel=\"nofollow\" class=\"shariff-link\" style=\"; background-color:#3b5998; color:#fff\" target=\"_blank\"><span class=\"shariff-icon\" style=\"\"><svg width=\"32px\" height=\"20px\" xmlns=\"http:\/\/www.w3.org\/2000\/svg\" viewBox=\"0 0 18 32\"><path fill=\"#3b5998\" d=\"M17.1 0.2v4.7h-2.8q-1.5 0-2.1 0.6t-0.5 1.9v3.4h5.2l-0.7 5.3h-4.5v13.6h-5.5v-13.6h-4.5v-5.3h4.5v-3.9q0-3.3 1.9-5.2t5-1.8q2.6 0 4.1 0.2z\"\/><\/svg><\/span><\/a><\/li><li class=\"shariff-button whatsapp shariff-nocustomcolor\" style=\"background-color:#5cbe4a\"><a href=\"https:\/\/api.whatsapp.com\/send?text=https%3A%2F%2Funser-aschbach.de%2Fstaging2025%2Ffotoalbum%2Fwer-kann-sich-erinnern%2F%20Wer%20kann%20sich%20erinnern%E2%80%A6\" title=\"Bei Whatsapp teilen\" aria-label=\"Bei Whatsapp teilen\" role=\"button\" rel=\"noopener nofollow\" class=\"shariff-link\" style=\"; background-color:#34af23; color:#fff\" target=\"_blank\"><span class=\"shariff-icon\" style=\"\"><svg width=\"32px\" height=\"20px\" xmlns=\"http:\/\/www.w3.org\/2000\/svg\" viewBox=\"0 0 32 32\"><path fill=\"#34af23\" d=\"M17.6 17.4q0.2 0 1.7 0.8t1.6 0.9q0 0.1 0 0.3 0 0.6-0.3 1.4-0.3 0.7-1.3 1.2t-1.8 0.5q-1 0-3.4-1.1-1.7-0.8-3-2.1t-2.6-3.3q-1.3-1.9-1.3-3.5v-0.1q0.1-1.6 1.3-2.8 0.4-0.4 0.9-0.4 0.1 0 0.3 0t0.3 0q0.3 0 0.5 0.1t0.3 0.5q0.1 0.4 0.6 1.6t0.4 1.3q0 0.4-0.6 1t-0.6 0.8q0 0.1 0.1 0.3 0.6 1.3 1.8 2.4 1 0.9 2.7 1.8 0.2 0.1 0.4 0.1 0.3 0 1-0.9t0.9-0.9zM14 26.9q2.3 0 4.3-0.9t3.6-2.4 2.4-3.6 0.9-4.3-0.9-4.3-2.4-3.6-3.6-2.4-4.3-0.9-4.3 0.9-3.6 2.4-2.4 3.6-0.9 4.3q0 3.6 2.1 6.6l-1.4 4.2 4.3-1.4q2.8 1.9 6.2 1.9zM14 2.2q2.7 0 5.2 1.1t4.3 2.9 2.9 4.3 1.1 5.2-1.1 5.2-2.9 4.3-4.3 2.9-5.2 1.1q-3.5 0-6.5-1.7l-7.4 2.4 2.4-7.2q-1.9-3.2-1.9-6.9 0-2.7 1.1-5.2t2.9-4.3 4.3-2.9 5.2-1.1z\"\/><\/svg><\/span><\/a><\/li><\/ul><\/div>","protected":false},"excerpt":{"rendered":"<p>Auf dieser Seite stelle ich alte Fotos ein, zu denen es noch Informationsbedarf gibt. Wenn jemand zu den Bildern etwas weiss, w\u00e4re es toll, diese Informationen mitzuteilen &#8211; entweder als Kommentar zu diesem Beitrag oder \u00fcber das Kontaktformular. &nbsp; Dieses Foto stammt aus dem Jahre 1955. Wenn man das Bild vergr\u00f6\u00dfert, erkennt man\u00a0das Friedhofsgel\u00e4nde sehr&#8230;<\/p>\n<p> <a class=\"continue-reading-link\" href=\"https:\/\/unser-aschbach.de\/staging2025\/fotoalbum\/wer-kann-sich-erinnern\/\"><span>weiterlesen<\/span><i class=\"crycon-right-dir\"><\/i><\/a> <\/p>\n","protected":false},"author":1,"featured_media":0,"parent":502,"menu_order":4,"comment_status":"open","ping_status":"open","template":"","meta":{"jetpack_post_was_ever_published":false,"footnotes":""},"class_list":["post-982","page","type-page","status-publish","hentry"],"jetpack_shortlink":"https:\/\/wp.me\/PggZrZ-fQ","jetpack-related-posts":[{"id":1036,"url":"https:\/\/unser-aschbach.de\/staging2025\/fotoalbum\/bilder-obst-und-gartenbauverein\/","url_meta":{"origin":982,"position":0},"title":"Bilder Obst- und Gartenbauverein","author":"Someone","date":"22. Februar 2015","format":false,"excerpt":"Sie finden \u00fcber den Obst- und Gartenbauverein Aschbach auch Informationen auf unserer Seite \"Vereine\"- https:\/\/unser-aschbach.de\/staging2025\/wp-admin\/post.php?post=1024&action=edit&message= Im Oktober 2011 konnte der Obst- und Gartenbauverein Aschbach sein 100-j\u00e4hriges Bestehen feiern. Kinderferienaktion 2010 Vereinsfahrt 1996 \u00a0 \u00a0","rel":"","context":"\u00c4hnlicher Beitrag","block_context":{"text":"\u00c4hnlicher Beitrag","link":""},"img":{"alt_text":"","src":"https:\/\/i0.wp.com\/unser-aschbach.de\/staging2025\/wp-content\/uploads\/2015\/02\/DSC_5423.jpg?resize=350%2C200","width":350,"height":200,"srcset":"https:\/\/i0.wp.com\/unser-aschbach.de\/staging2025\/wp-content\/uploads\/2015\/02\/DSC_5423.jpg?resize=350%2C200 1x, https:\/\/i0.wp.com\/unser-aschbach.de\/staging2025\/wp-content\/uploads\/2015\/02\/DSC_5423.jpg?resize=525%2C300 1.5x, https:\/\/i0.wp.com\/unser-aschbach.de\/staging2025\/wp-content\/uploads\/2015\/02\/DSC_5423.jpg?resize=700%2C400 2x, https:\/\/i0.wp.com\/unser-aschbach.de\/staging2025\/wp-content\/uploads\/2015\/02\/DSC_5423.jpg?resize=1050%2C600 3x"},"classes":[]},{"id":37,"url":"https:\/\/unser-aschbach.de\/staging2025\/impressum-2\/","url_meta":{"origin":982,"position":1},"title":"Impressum","author":"Someone","date":"20. Oktober 2014","format":false,"excerpt":"Angaben gem\u00e4\u00df \u00a7 5 TMG: Peter Hempelin Zusammenarbeit mit und im Auftrag des Ortsrats Aschbach Am M\u00fchlenberg 2766822 Lebach Kontakt:\u00a0kontakt@unser-aschbach.de Rechtshinweis: Die Betreiber von dieser Website pr\u00fcfen und aktualisieren die Informationen auf ihrer Website st\u00e4ndig. Trotz aller Sorgfalt k\u00f6nnen sich die Daten inzwischen ver\u00e4ndert haben. Eine Haftung oder Garantie f\u00fcr\u2026","rel":"","context":"\u00c4hnlicher Beitrag","block_context":{"text":"\u00c4hnlicher Beitrag","link":""},"img":{"alt_text":"","src":"","width":0,"height":0},"classes":[]},{"id":82,"url":"https:\/\/unser-aschbach.de\/staging2025\/unser-ort\/","url_meta":{"origin":982,"position":2},"title":"Unser Ort","author":"Someone","date":"23. Oktober 2014","format":false,"excerpt":"Willkommen in Aschbach! Aschbach ist ein Stadtteil von Lebach und liegt im Saarland, dem kleinsten Fl\u00e4chenbundesland Deutschlands.Diese Seite soll dazu dienen, Einheimische, \"Auswanderer\" und andere Besucher mit allgemeinen und aktuellen Informationen rund um Aschbach zu versorgen. Geographische Lage Aschbach liegt geographisch\u00a0zwar nicht exakt, aber ann\u00e4hernd genau\u00a0in der Mitte des Saarlandes\u2026","rel":"","context":"\u00c4hnlicher Beitrag","block_context":{"text":"\u00c4hnlicher Beitrag","link":""},"img":{"alt_text":"","src":"https:\/\/i0.wp.com\/unser-aschbach.de\/staging2025\/wp-content\/uploads\/2014\/10\/A260013.jpg?resize=350%2C200&ssl=1","width":350,"height":200,"srcset":"https:\/\/i0.wp.com\/unser-aschbach.de\/staging2025\/wp-content\/uploads\/2014\/10\/A260013.jpg?resize=350%2C200&ssl=1 1x, https:\/\/i0.wp.com\/unser-aschbach.de\/staging2025\/wp-content\/uploads\/2014\/10\/A260013.jpg?resize=525%2C300&ssl=1 1.5x, https:\/\/i0.wp.com\/unser-aschbach.de\/staging2025\/wp-content\/uploads\/2014\/10\/A260013.jpg?resize=700%2C400&ssl=1 2x, https:\/\/i0.wp.com\/unser-aschbach.de\/staging2025\/wp-content\/uploads\/2014\/10\/A260013.jpg?resize=1050%2C600&ssl=1 3x"},"classes":[]},{"id":840,"url":"https:\/\/unser-aschbach.de\/staging2025\/alte-haeuser-und-gebaeude\/","url_meta":{"origin":982,"position":3},"title":"Alte H\u00e4user und Geb\u00e4ude","author":"Someone","date":"22. Januar 2015","format":false,"excerpt":"Die nachfolgende Fotogalerie zeigt (von links) Bild 1 - das urspr\u00fcngliche\u00a0Gesch\u00e4ftshaus von Karl Conrad in der Br\u00fcmburgstra\u00dfe; Bild 2 - im Hintergrund das umgebaute Gesch\u00e4ftshaus\u00a0von Karl Konrad; im Vordergrund das \u00a0ehemalige\u00a0 Haus von Philipp Stre\u00dfer (\"Hunjes Philipp\"), von der Waldstra\u00dfe aus gesehen. Bild 3 - im Hintergrund das ehemalige Haus\u2026","rel":"","context":"\u00c4hnlicher Beitrag","block_context":{"text":"\u00c4hnlicher Beitrag","link":""},"img":{"alt_text":"","src":"https:\/\/i0.wp.com\/unser-aschbach.de\/staging2025\/wp-content\/uploads\/2015\/01\/Altes-Haus-Conrad.jpg?resize=350%2C200","width":350,"height":200,"srcset":"https:\/\/i0.wp.com\/unser-aschbach.de\/staging2025\/wp-content\/uploads\/2015\/01\/Altes-Haus-Conrad.jpg?resize=350%2C200 1x, https:\/\/i0.wp.com\/unser-aschbach.de\/staging2025\/wp-content\/uploads\/2015\/01\/Altes-Haus-Conrad.jpg?resize=525%2C300 1.5x, https:\/\/i0.wp.com\/unser-aschbach.de\/staging2025\/wp-content\/uploads\/2015\/01\/Altes-Haus-Conrad.jpg?resize=700%2C400 2x, https:\/\/i0.wp.com\/unser-aschbach.de\/staging2025\/wp-content\/uploads\/2015\/01\/Altes-Haus-Conrad.jpg?resize=1050%2C600 3x"},"classes":[]},{"id":3091,"url":"https:\/\/unser-aschbach.de\/staging2025\/wie-war-das-noch-damals\/ueber-das-telefonieren\/","url_meta":{"origin":982,"position":4},"title":"\u00dcber das Telefonieren","author":"Someone","date":"23. Dezember 2018","format":false,"excerpt":"Die Poststellen, es gab sie damals noch in jedem Ort, waren die offiziellen Anlaufstellen zum Telefonieren. Man meldete am Postschalter ein Gespr\u00e4ch an, bekam dann eine Telefonzelle zugeteilt, und f\u00fchrte\u00a0 sein Telefonat. Dar\u00fcberhinaus gab es einige Haushalte in Aschbach- meist Gesch\u00e4ftsleute - , die schon einen eigenen Telefonanschluss besa\u00dfen.\u00a0 Wenn\u2026","rel":"","context":"\u00c4hnlicher Beitrag","block_context":{"text":"\u00c4hnlicher Beitrag","link":""},"img":{"alt_text":"","src":"https:\/\/i0.wp.com\/unser-aschbach.de\/staging2025\/wp-content\/uploads\/2018\/12\/letzte-Telefonzelle.jpg?fit=686%2C457&ssl=1&resize=350%2C200","width":350,"height":200,"srcset":"https:\/\/i0.wp.com\/unser-aschbach.de\/staging2025\/wp-content\/uploads\/2018\/12\/letzte-Telefonzelle.jpg?fit=686%2C457&ssl=1&resize=350%2C200 1x, https:\/\/i0.wp.com\/unser-aschbach.de\/staging2025\/wp-content\/uploads\/2018\/12\/letzte-Telefonzelle.jpg?fit=686%2C457&ssl=1&resize=525%2C300 1.5x"},"classes":[]}],"jetpack_sharing_enabled":true,"_links":{"self":[{"href":"https:\/\/unser-aschbach.de\/staging2025\/wp-json\/wp\/v2\/pages\/982","targetHints":{"allow":["GET"]}}],"collection":[{"href":"https:\/\/unser-aschbach.de\/staging2025\/wp-json\/wp\/v2\/pages"}],"about":[{"href":"https:\/\/unser-aschbach.de\/staging2025\/wp-json\/wp\/v2\/types\/page"}],"author":[{"embeddable":true,"href":"https:\/\/unser-aschbach.de\/staging2025\/wp-json\/wp\/v2\/users\/1"}],"replies":[{"embeddable":true,"href":"https:\/\/unser-aschbach.de\/staging2025\/wp-json\/wp\/v2\/comments?post=982"}],"version-history":[{"count":5,"href":"https:\/\/unser-aschbach.de\/staging2025\/wp-json\/wp\/v2\/pages\/982\/revisions"}],"predecessor-version":[{"id":988,"href":"https:\/\/unser-aschbach.de\/staging2025\/wp-json\/wp\/v2\/pages\/982\/revisions\/988"}],"up":[{"embeddable":true,"href":"https:\/\/unser-aschbach.de\/staging2025\/wp-json\/wp\/v2\/pages\/502"}],"wp:attachment":[{"href":"https:\/\/unser-aschbach.de\/staging2025\/wp-json\/wp\/v2\/media?parent=982"}],"curies":[{"name":"wp","href":"https:\/\/api.w.org\/{rel}","templated":true}]}}