{"id":752,"date":"2015-01-04T21:37:08","date_gmt":"2015-01-04T20:37:08","guid":{"rendered":"https:\/\/unser-aschbach.de\/staging2025\/?page_id=752"},"modified":"2021-11-04T21:15:14","modified_gmt":"2021-11-04T20:15:14","slug":"chronik-von-aschbach","status":"publish","type":"page","link":"https:\/\/unser-aschbach.de\/staging2025\/unser-ort\/chronik-von-aschbach\/","title":{"rendered":"Chronik von Aschbach"},"content":{"rendered":"<p>Die Chronik von Aschbach beginnt mit folgender Einleitung (Zitat):<\/p>\n<blockquote>\n<p>Diese Chronik beginnt mit dem Ende des Jahres 1948. Der Chronist will vor allem <strong>berichten<\/strong>. Hin und Wieder wird auch sein eigenes Urteil \u00fcber Geschehnisse und Probleme der Schule und Gemeinde Aschbach durchleuchten. Er wird allerdings versuchen, seine Ansicht und Meinung nicht als allein selig machend hinzustellen. Bei den eingestreuten Zeitungsberichten und Bildbeilagen wird er, wenn m\u00f6glich, den Verfasser bzw. Photographen nennen.<\/p>\n<p>Schriftliche Berichte aus fr\u00fcheren Jahren hat der Chronist bis heute nicht finden k\u00f6nnen. Wohl gestand ihm sein Amtsvorg\u00e4nger, dass Aschbach auch schon fr\u00fcher eine Chronik besessen habe, diese sei jedoch im Jahre 1945 durch Kriegseinwirkung verloren gegangen. Aus diesem Grunde hat der Unterzeichnete es unternommen, einzelne Dinge aus der Vergangenheit des Dorfes Aschbach zu sammeln und es in die Bl\u00e4tter dieser Chronik einzuf\u00fcgen.<\/p>\n<p>Ein Wort sei dem Chronist zur eigenen Person gestattet. Er kam im Herbst 1946 als Volksschullehrer nach Aschbach und ist seit 1947 Schulleiter daselbst.<\/p>\n<p>Aschbach, im Dezember 1948<\/p>\n<p>Gez. Albert Zangerle <em>(Zitatende).<\/em><\/p>\n<\/blockquote>\n<p>Aber nicht nur Albert Zangerle ist es zu verdanken, dass das \u00a0Ortsgeschehen in Aschbach niedergeschrieben wurde. Auch Martin Holz hat sich sehr verdient gemacht, was die Aufarbeitung der Aschbacher Geschichte angeht. Seit Gr\u00fcndung des Historischen Vereines Aschbach im Jahre 2009 hat Leo Willms es sich zur Aufgabe gemacht, das Dorfgeschehen zu dokumentieren.<\/p>\n<p>Nachfolgend ein Link,\u00a0 mit dem Sie die Chronik aufrufen k\u00f6nnen.<\/p>\n<p>Viel Spa\u00df beim Lesen<\/p>\n<p>\u00a0<\/p>\n\n\n<div class=\"wp-block-file\"><a href=\"https:\/\/unser-aschbach.de\/staging2025\/wp-content\/uploads\/2014\/12\/Chronik-von-Aschbach-1951-1973.pdf\">Chronik von Aschbach 1951-1973<\/a><a href=\"https:\/\/unser-aschbach.de\/staging2025\/wp-content\/uploads\/2014\/12\/Chronik-von-Aschbach-1951-1973.pdf\" class=\"wp-block-file__button\" download>Herunterladen<\/a><\/div>\n<div class=\"shariff shariff-align-flex-start shariff-widget-align-flex-start\"><ul class=\"shariff-buttons theme-round orientation-horizontal buttonsize-medium\"><li class=\"shariff-button mailto shariff-nocustomcolor\" style=\"background-color:#a8a8a8\"><a href=\"mailto:?body=https%3A%2F%2Funser-aschbach.de%2Fstaging2025%2Funser-ort%2Fchronik-von-aschbach%2F&subject=Chronik%20von%20Aschbach\" title=\"Per E-Mail versenden\" aria-label=\"Per E-Mail versenden\" role=\"button\" rel=\"noopener nofollow\" class=\"shariff-link\" style=\"; background-color:#999; color:#fff\"><span class=\"shariff-icon\" style=\"\"><svg width=\"32px\" height=\"20px\" xmlns=\"http:\/\/www.w3.org\/2000\/svg\" viewBox=\"0 0 32 32\"><path fill=\"#999\" d=\"M32 12.7v14.2q0 1.2-0.8 2t-2 0.9h-26.3q-1.2 0-2-0.9t-0.8-2v-14.2q0.8 0.9 1.8 1.6 6.5 4.4 8.9 6.1 1 0.8 1.6 1.2t1.7 0.9 2 0.4h0.1q0.9 0 2-0.4t1.7-0.9 1.6-1.2q3-2.2 8.9-6.1 1-0.7 1.8-1.6zM32 7.4q0 1.4-0.9 2.7t-2.2 2.2q-6.7 4.7-8.4 5.8-0.2 0.1-0.7 0.5t-1 0.7-0.9 0.6-1.1 0.5-0.9 0.2h-0.1q-0.4 0-0.9-0.2t-1.1-0.5-0.9-0.6-1-0.7-0.7-0.5q-1.6-1.1-4.7-3.2t-3.6-2.6q-1.1-0.7-2.1-2t-1-2.5q0-1.4 0.7-2.3t2.1-0.9h26.3q1.2 0 2 0.8t0.9 2z\"\/><\/svg><\/span><\/a><\/li><li class=\"shariff-button facebook shariff-nocustomcolor\" style=\"background-color:#4273c8\"><a href=\"https:\/\/www.facebook.com\/sharer\/sharer.php?u=https%3A%2F%2Funser-aschbach.de%2Fstaging2025%2Funser-ort%2Fchronik-von-aschbach%2F\" title=\"Bei Facebook teilen\" aria-label=\"Bei Facebook teilen\" role=\"button\" rel=\"nofollow\" class=\"shariff-link\" style=\"; background-color:#3b5998; color:#fff\" target=\"_blank\"><span class=\"shariff-icon\" style=\"\"><svg width=\"32px\" height=\"20px\" xmlns=\"http:\/\/www.w3.org\/2000\/svg\" viewBox=\"0 0 18 32\"><path fill=\"#3b5998\" d=\"M17.1 0.2v4.7h-2.8q-1.5 0-2.1 0.6t-0.5 1.9v3.4h5.2l-0.7 5.3h-4.5v13.6h-5.5v-13.6h-4.5v-5.3h4.5v-3.9q0-3.3 1.9-5.2t5-1.8q2.6 0 4.1 0.2z\"\/><\/svg><\/span><\/a><\/li><li class=\"shariff-button whatsapp shariff-nocustomcolor\" style=\"background-color:#5cbe4a\"><a href=\"https:\/\/api.whatsapp.com\/send?text=https%3A%2F%2Funser-aschbach.de%2Fstaging2025%2Funser-ort%2Fchronik-von-aschbach%2F%20Chronik%20von%20Aschbach\" title=\"Bei Whatsapp teilen\" aria-label=\"Bei Whatsapp teilen\" role=\"button\" rel=\"noopener nofollow\" class=\"shariff-link\" style=\"; background-color:#34af23; color:#fff\" target=\"_blank\"><span class=\"shariff-icon\" style=\"\"><svg width=\"32px\" height=\"20px\" xmlns=\"http:\/\/www.w3.org\/2000\/svg\" viewBox=\"0 0 32 32\"><path fill=\"#34af23\" d=\"M17.6 17.4q0.2 0 1.7 0.8t1.6 0.9q0 0.1 0 0.3 0 0.6-0.3 1.4-0.3 0.7-1.3 1.2t-1.8 0.5q-1 0-3.4-1.1-1.7-0.8-3-2.1t-2.6-3.3q-1.3-1.9-1.3-3.5v-0.1q0.1-1.6 1.3-2.8 0.4-0.4 0.9-0.4 0.1 0 0.3 0t0.3 0q0.3 0 0.5 0.1t0.3 0.5q0.1 0.4 0.6 1.6t0.4 1.3q0 0.4-0.6 1t-0.6 0.8q0 0.1 0.1 0.3 0.6 1.3 1.8 2.4 1 0.9 2.7 1.8 0.2 0.1 0.4 0.1 0.3 0 1-0.9t0.9-0.9zM14 26.9q2.3 0 4.3-0.9t3.6-2.4 2.4-3.6 0.9-4.3-0.9-4.3-2.4-3.6-3.6-2.4-4.3-0.9-4.3 0.9-3.6 2.4-2.4 3.6-0.9 4.3q0 3.6 2.1 6.6l-1.4 4.2 4.3-1.4q2.8 1.9 6.2 1.9zM14 2.2q2.7 0 5.2 1.1t4.3 2.9 2.9 4.3 1.1 5.2-1.1 5.2-2.9 4.3-4.3 2.9-5.2 1.1q-3.5 0-6.5-1.7l-7.4 2.4 2.4-7.2q-1.9-3.2-1.9-6.9 0-2.7 1.1-5.2t2.9-4.3 4.3-2.9 5.2-1.1z\"\/><\/svg><\/span><\/a><\/li><\/ul><\/div>","protected":false},"excerpt":{"rendered":"<p>Die Chronik von Aschbach beginnt mit folgender Einleitung (Zitat): Diese Chronik beginnt mit dem Ende des Jahres 1948. Der Chronist will vor allem berichten. Hin und Wieder wird auch sein eigenes Urteil \u00fcber Geschehnisse und Probleme der Schule und Gemeinde Aschbach durchleuchten. Er wird allerdings versuchen, seine Ansicht und Meinung nicht als allein selig machend&#8230;<\/p>\n<p> <a class=\"continue-reading-link\" href=\"https:\/\/unser-aschbach.de\/staging2025\/unser-ort\/chronik-von-aschbach\/\"><span>weiterlesen<\/span><i class=\"crycon-right-dir\"><\/i><\/a> <\/p>\n","protected":false},"author":1,"featured_media":0,"parent":82,"menu_order":4,"comment_status":"open","ping_status":"open","template":"","meta":{"jetpack_post_was_ever_published":false,"footnotes":""},"class_list":["post-752","page","type-page","status-publish","hentry"],"jetpack_shortlink":"https:\/\/wp.me\/PggZrZ-c8","jetpack-related-posts":[{"id":696,"url":"https:\/\/unser-aschbach.de\/staging2025\/pfarrgemeinde-2\/aus-der-chronik-der-pfarrei-aschbach\/","url_meta":{"origin":752,"position":0},"title":"Aus der Chronik der Pfarrei Aschbach","author":"Someone","date":"31. Mai 2015","format":false,"excerpt":"Fronleichnam in unserer Pfarrei Das diesj\u00e4hrige Fronleichnamsfest steht unmittelbar bevor.\u00a0Ich nehme dies zum Anlass, einen R\u00fcckblick auf dieses gro\u00dfe Fest in unserer Pfarrei zu halten. In den Anf\u00e4ngen unserer Pfarreiengeschichte war\u00a0das Fronleichnamsfest ein gro\u00dfer H\u00f6hepunkt (heute w\u00fcrde man sagen - ein Highlight - ) in der Pfarrei. Das erste Fronleichnamsfest\u2026","rel":"","context":"\u00c4hnlicher Beitrag","block_context":{"text":"\u00c4hnlicher Beitrag","link":""},"img":{"alt_text":"","src":"https:\/\/i0.wp.com\/unser-aschbach.de\/staging2025\/wp-content\/uploads\/2015\/05\/1963_06_02.jpg?resize=350%2C200","width":350,"height":200,"srcset":"https:\/\/i0.wp.com\/unser-aschbach.de\/staging2025\/wp-content\/uploads\/2015\/05\/1963_06_02.jpg?resize=350%2C200 1x, https:\/\/i0.wp.com\/unser-aschbach.de\/staging2025\/wp-content\/uploads\/2015\/05\/1963_06_02.jpg?resize=525%2C300 1.5x, https:\/\/i0.wp.com\/unser-aschbach.de\/staging2025\/wp-content\/uploads\/2015\/05\/1963_06_02.jpg?resize=700%2C400 2x"},"classes":[]},{"id":1024,"url":"https:\/\/unser-aschbach.de\/staging2025\/obst-und-gartenbauverein-aschbach\/","url_meta":{"origin":752,"position":1},"title":"Obst- und Gartenbauverein Aschbach","author":"Someone","date":"22. Februar 2015","format":false,"excerpt":"Die Gr\u00fcndung des Obst- und Gartenbauvereines erfolgte im Jahr 1911 im damaligen Gasthaus \u201eBohlen Marei K\u00e4tt\u201c. 20 Aschbacher B\u00fcrger fanden sich zur Gr\u00fcndungsversammlung ein. Sie w\u00e4hlten Johann Klein zu ihrem Vorsitzenden. Weitere Vorstandsmitglieder waren: Johann Wilhelm, Johann Braun, Johann Wagner, Nikolaus Wagner und Johann Sch\u00e4fer. Wie bei allen einheimischen Vereinen\u2026","rel":"","context":"\u00c4hnlicher Beitrag","block_context":{"text":"\u00c4hnlicher Beitrag","link":""},"img":{"alt_text":"","src":"https:\/\/i0.wp.com\/unser-aschbach.de\/staging2025\/wp-content\/uploads\/2015\/02\/Bild-3-e1424629475130.jpg?fit=1200%2C333&ssl=1&resize=350%2C200","width":350,"height":200,"srcset":"https:\/\/i0.wp.com\/unser-aschbach.de\/staging2025\/wp-content\/uploads\/2015\/02\/Bild-3-e1424629475130.jpg?fit=1200%2C333&ssl=1&resize=350%2C200 1x, https:\/\/i0.wp.com\/unser-aschbach.de\/staging2025\/wp-content\/uploads\/2015\/02\/Bild-3-e1424629475130.jpg?fit=1200%2C333&ssl=1&resize=525%2C300 1.5x, https:\/\/i0.wp.com\/unser-aschbach.de\/staging2025\/wp-content\/uploads\/2015\/02\/Bild-3-e1424629475130.jpg?fit=1200%2C333&ssl=1&resize=700%2C400 2x, https:\/\/i0.wp.com\/unser-aschbach.de\/staging2025\/wp-content\/uploads\/2015\/02\/Bild-3-e1424629475130.jpg?fit=1200%2C333&ssl=1&resize=1050%2C600 3x"},"classes":[]},{"id":330,"url":"https:\/\/unser-aschbach.de\/staging2025\/unser-ort\/politische-struktur\/","url_meta":{"origin":752,"position":2},"title":"Freunde und Nachbarn","author":"Someone","date":"12. November 2014","format":false,"excerpt":"Mit der Gebiets- und Verwaltungsreform zum 01.01.1974 wurde Aschbach der Gemeinde Lebach, Landkreis Saarlouis Bundesland Saarland zugeordnet. Bis zum 31.12.1973 geh\u00f6rte Aschbach zur Gemeinde Eppelborn, Landkreis Ottweiler. Der Landkreis Ottweiler wurde im Zuge der Verwaltungs- und Gebietsreform aufgel\u00f6st und ist in den Landkreisen Neunkirchen\/Saar und Saarlouis aufgegangen. Am 01.06.1977 wurden\u2026","rel":"","context":"\u00c4hnlicher Beitrag","block_context":{"text":"\u00c4hnlicher Beitrag","link":""},"img":{"alt_text":"","src":"","width":0,"height":0},"classes":[]},{"id":3577,"url":"https:\/\/unser-aschbach.de\/staging2025\/ein-auswanderer-gruesst-aschbach-mit-einem-fotoalbum\/","url_meta":{"origin":752,"position":3},"title":"Ein &#8222;Auswanderer&#8220; gr\u00fc\u00dft Aschbach mit einem Fotoalbum","author":"Someone","date":"22. Februar 2019","format":false,"excerpt":"Die nachfolgenden Fotos wurden von Dominique Grass, einem Aschbacher Bub, zur Verf\u00fcgung gestellt als Dankesch\u00f6n f\u00fcr die M\u00f6glichkeit, auch aus der Ferne am Aschbacher Dorfgeschehen teilhaben zu k\u00f6nnen. Das erste Fotoalbum wurde im Juli 2002 aufgenommen. Das zweite Fotoalbum hat Dominique mit \"Herbsteindr\u00fccke\" \u00fcberschrieben. Die Aufnahmen entstanden ebenfalls im Jahr\u2026","rel":"","context":"\u00c4hnlicher Beitrag","block_context":{"text":"\u00c4hnlicher Beitrag","link":""},"img":{"alt_text":"","src":"https:\/\/i0.wp.com\/unser-aschbach.de\/staging2025\/wp-content\/uploads\/2019\/02\/01.jpg?fit=1200%2C800&ssl=1&resize=350%2C200","width":350,"height":200,"srcset":"https:\/\/i0.wp.com\/unser-aschbach.de\/staging2025\/wp-content\/uploads\/2019\/02\/01.jpg?fit=1200%2C800&ssl=1&resize=350%2C200 1x, https:\/\/i0.wp.com\/unser-aschbach.de\/staging2025\/wp-content\/uploads\/2019\/02\/01.jpg?fit=1200%2C800&ssl=1&resize=525%2C300 1.5x, https:\/\/i0.wp.com\/unser-aschbach.de\/staging2025\/wp-content\/uploads\/2019\/02\/01.jpg?fit=1200%2C800&ssl=1&resize=700%2C400 2x, https:\/\/i0.wp.com\/unser-aschbach.de\/staging2025\/wp-content\/uploads\/2019\/02\/01.jpg?fit=1200%2C800&ssl=1&resize=1050%2C600 3x"},"classes":[]},{"id":3091,"url":"https:\/\/unser-aschbach.de\/staging2025\/wie-war-das-noch-damals\/ueber-das-telefonieren\/","url_meta":{"origin":752,"position":4},"title":"\u00dcber das Telefonieren","author":"Someone","date":"23. Dezember 2018","format":false,"excerpt":"Die Poststellen, es gab sie damals noch in jedem Ort, waren die offiziellen Anlaufstellen zum Telefonieren. Man meldete am Postschalter ein Gespr\u00e4ch an, bekam dann eine Telefonzelle zugeteilt, und f\u00fchrte\u00a0 sein Telefonat. Dar\u00fcberhinaus gab es einige Haushalte in Aschbach- meist Gesch\u00e4ftsleute - , die schon einen eigenen Telefonanschluss besa\u00dfen.\u00a0 Wenn\u2026","rel":"","context":"\u00c4hnlicher Beitrag","block_context":{"text":"\u00c4hnlicher Beitrag","link":""},"img":{"alt_text":"","src":"https:\/\/i0.wp.com\/unser-aschbach.de\/staging2025\/wp-content\/uploads\/2018\/12\/letzte-Telefonzelle.jpg?fit=686%2C457&ssl=1&resize=350%2C200","width":350,"height":200,"srcset":"https:\/\/i0.wp.com\/unser-aschbach.de\/staging2025\/wp-content\/uploads\/2018\/12\/letzte-Telefonzelle.jpg?fit=686%2C457&ssl=1&resize=350%2C200 1x, https:\/\/i0.wp.com\/unser-aschbach.de\/staging2025\/wp-content\/uploads\/2018\/12\/letzte-Telefonzelle.jpg?fit=686%2C457&ssl=1&resize=525%2C300 1.5x"},"classes":[]}],"jetpack_sharing_enabled":true,"_links":{"self":[{"href":"https:\/\/unser-aschbach.de\/staging2025\/wp-json\/wp\/v2\/pages\/752","targetHints":{"allow":["GET"]}}],"collection":[{"href":"https:\/\/unser-aschbach.de\/staging2025\/wp-json\/wp\/v2\/pages"}],"about":[{"href":"https:\/\/unser-aschbach.de\/staging2025\/wp-json\/wp\/v2\/types\/page"}],"author":[{"embeddable":true,"href":"https:\/\/unser-aschbach.de\/staging2025\/wp-json\/wp\/v2\/users\/1"}],"replies":[{"embeddable":true,"href":"https:\/\/unser-aschbach.de\/staging2025\/wp-json\/wp\/v2\/comments?post=752"}],"version-history":[{"count":10,"href":"https:\/\/unser-aschbach.de\/staging2025\/wp-json\/wp\/v2\/pages\/752\/revisions"}],"predecessor-version":[{"id":4920,"href":"https:\/\/unser-aschbach.de\/staging2025\/wp-json\/wp\/v2\/pages\/752\/revisions\/4920"}],"up":[{"embeddable":true,"href":"https:\/\/unser-aschbach.de\/staging2025\/wp-json\/wp\/v2\/pages\/82"}],"wp:attachment":[{"href":"https:\/\/unser-aschbach.de\/staging2025\/wp-json\/wp\/v2\/media?parent=752"}],"curies":[{"name":"wp","href":"https:\/\/api.w.org\/{rel}","templated":true}]}}