{"id":5560,"date":"2025-01-08T09:09:45","date_gmt":"2025-01-08T08:09:45","guid":{"rendered":"https:\/\/unser-aschbach.de\/staging2025\/?page_id=5560"},"modified":"2025-01-14T18:57:05","modified_gmt":"2025-01-14T17:57:05","slug":"asap-uebersicht","status":"publish","type":"page","link":"https:\/\/unser-aschbach.de\/staging2025\/asap\/asap-uebersicht\/","title":{"rendered":"ASAP \u00dcbersicht"},"content":{"rendered":"\n\n\n<div class=\"wp-block-file\"><a id=\"wp-block-file--media-00fc0b44-ae58-4aa3-8a1d-5d53d1cb12ed\" href=\"https:\/\/unser-aschbach.de\/staging2025\/wp-content\/uploads\/2025\/01\/Hallenbelegung_Aschbach_bis_Maerz2025.pdf\" target=\"_blank\" rel=\"noreferrer noopener\">Hallenbelegung_Aschbach_bis_Maerz2025<\/a><a href=\"https:\/\/unser-aschbach.de\/staging2025\/wp-content\/uploads\/2025\/01\/Hallenbelegung_Aschbach_bis_Maerz2025.pdf\" class=\"wp-block-file__button wp-element-button\" download aria-describedby=\"wp-block-file--media-00fc0b44-ae58-4aa3-8a1d-5d53d1cb12ed\">Herunterladen<\/a><\/div>\n\n\n<div class=\"widget_bp_groups_widget buddypress widget wp-block-bp-dynamic-groups\"><div class=\"bp-dynamic-block-container\">\n<h2 class=\"widget-title\"><a href=\"https:\/\/unser-aschbach.de\/staging2025\/gruppen\/\">Gruppen<\/a><\/h2><div class=\"item-options\">\n\t\t\t<a href=\"https:\/\/unser-aschbach.de\/staging2025\/gruppen\/\" data-bp-sort=\"newest\">Neueste<\/a> <span class=\"bp-separator\" role=\"separator\">|<\/span> <a href=\"https:\/\/unser-aschbach.de\/staging2025\/gruppen\/\" data-bp-sort=\"active\" class=\"selected\">Aktive<\/a> <span class=\"bp-separator\" role=\"separator\">|<\/span> <a href=\"https:\/\/unser-aschbach.de\/staging2025\/gruppen\/\" data-bp-sort=\"popular\">Beliebte<\/a> <span class=\"bp-separator\" role=\"separator\">|<\/span> <a href=\"https:\/\/unser-aschbach.de\/staging2025\/gruppen\/\" data-bp-sort=\"alphabetical\">Alphabetisch<\/a>\n\t\t<\/div>\n\t\t<ul id=\"groups-list-69fb187a61e95\" class=\"item-list\" aria-live=\"polite\" aria-relevant=\"all\" aria-atomic=\"true\">\n\t\t\t\n\t<li class=\"vcard\">\n\t\t<div class=\"item-avatar\">\n\t\t\t<a href=\"https:\/\/unser-aschbach.de\/staging2025\/gruppen\/alle\/\" class=\"bp-tooltip\" data-bp-tooltip=\"Allgemein\">\n\t\t\t\t<img data-recalc-dims=\"1\" decoding=\"async\" loading=\"lazy\" src=\"https:\/\/i0.wp.com\/unser-aschbach.de\/staging2025\/wp-content\/uploads\/group-avatars\/1\/1736347998-bpthumb.png?w=900&#038;ssl=1\" class=\"avatar group-1-avatar avatar-50 photo\">\n\t\t\t<\/a>\n\t\t<\/div>\n\n\t\t<div class=\"item\">\n\t\t\t<div class=\"item-title fn\"><a href=\"https:\/\/unser-aschbach.de\/staging2025\/gruppen\/alle\/\">Allgemein<\/a><\/div>\n\t\t\t<div class=\"item-meta\">\n\t\t\t\t<span class=\"activity\">Aktiv vor 1\u00a0Jahr, 3\u00a0Monaten<\/span>\n\t\t\t<\/div>\n\t\t<\/div>\n\t<\/li>\n\n\n\t<li class=\"vcard\">\n\t\t<div class=\"item-avatar\">\n\t\t\t<a href=\"https:\/\/unser-aschbach.de\/staging2025\/gruppen\/narrekaepp\/\" class=\"bp-tooltip\" data-bp-tooltip=\"Narrek\u00e4pp\">\n\t\t\t\t<img data-recalc-dims=\"1\" decoding=\"async\" loading=\"lazy\" src=\"https:\/\/i0.wp.com\/unser-aschbach.de\/staging2025\/wp-content\/plugins\/buddypress\/bp-core\/images\/mystery-group-50.png?w=900&#038;ssl=1\" class=\"avatar group-3-avatar avatar-50 photo\">\n\t\t\t<\/a>\n\t\t<\/div>\n\n\t\t<div class=\"item\">\n\t\t\t<div class=\"item-title fn\"><a href=\"https:\/\/unser-aschbach.de\/staging2025\/gruppen\/narrekaepp\/\">Narrek\u00e4pp<\/a><\/div>\n\t\t\t<div class=\"item-meta\">\n\t\t\t\t<span class=\"activity\">Aktiv vor 1\u00a0Jahr, 3\u00a0Monaten<\/span>\n\t\t\t<\/div>\n\t\t<\/div>\n\t<\/li>\n\n\n\t<li class=\"vcard\">\n\t\t<div class=\"item-avatar\">\n\t\t\t<a href=\"https:\/\/unser-aschbach.de\/staging2025\/gruppen\/feuerwehr\/\" class=\"bp-tooltip\" data-bp-tooltip=\"Feuerwehr\">\n\t\t\t\t<img data-recalc-dims=\"1\" decoding=\"async\" loading=\"lazy\" src=\"https:\/\/i0.wp.com\/unser-aschbach.de\/staging2025\/wp-content\/plugins\/buddypress\/bp-core\/images\/mystery-group-50.png?w=900&#038;ssl=1\" class=\"avatar group-2-avatar avatar-50 photo\">\n\t\t\t<\/a>\n\t\t<\/div>\n\n\t\t<div class=\"item\">\n\t\t\t<div class=\"item-title fn\"><a href=\"https:\/\/unser-aschbach.de\/staging2025\/gruppen\/feuerwehr\/\">Feuerwehr<\/a><\/div>\n\t\t\t<div class=\"item-meta\">\n\t\t\t\t<span class=\"activity\">Aktiv vor 1\u00a0Jahr, 3\u00a0Monaten<\/span>\n\t\t\t<\/div>\n\t\t<\/div>\n\t<\/li>\n\n\n\t\t<\/ul>\n<\/div><\/div>\n\n<div class=\"widget_bp_core_recently_active_widget buddypress widget wp-block-bp-active-members\"><h2 class=\"widget-title\">K\u00fcrzlich aktive Mitglieder<\/h2><div class=\"avatar-block\">\n\t\t\t\t<div class=\"item-avatar\">\n\t\t\t\t\t<a href=\"https:\/\/unser-aschbach.de\/staging2025\/mitglieder\/peter\/\" class=\"bp-tooltip\" data-bp-tooltip=\"Peter Hempel\">\n\t\t\t\t\t\t<img decoding=\"async\" loading=\"lazy\" src=\"\/\/www.gravatar.com\/avatar\/9d16428252a6f0fdcc3cae7acad035c1?s=50&#038;r=g&#038;d=mm\" class=\"avatar user-24782-avatar avatar-50 photo\" width=\"50\" height=\"50\" alt=\"Profilbild von Peter Hempel\">\n\t\t\t\t\t<\/a>\n\t\t\t\t<\/div>\n<div class=\"item-avatar\">\n\t\t\t\t\t<a href=\"https:\/\/unser-aschbach.de\/staging2025\/mitglieder\/luziaschuetz\/\" class=\"bp-tooltip\" data-bp-tooltip=\"Luzia Sch\u00fctz\">\n\t\t\t\t\t\t<img decoding=\"async\" loading=\"lazy\" src=\"\/\/www.gravatar.com\/avatar\/f98e2e55a3ca702cdec12ef3dfd161a1?s=50&#038;r=g&#038;d=mm\" class=\"avatar user-24785-avatar avatar-50 photo\" width=\"50\" height=\"50\" alt=\"Profilbild von Luzia Sch\u00fctz\">\n\t\t\t\t\t<\/a>\n\t\t\t\t<\/div>\n\t\t\t<\/div><\/div>\n\n<div class=\"activity_update bp-latest-activities buddypress widget wp-block-bp-latest-activities\"><div class=\"bp-latest-activities-block\">\n<h2 class=\"widget-title\">Neueste Aktivit\u00e4ten<\/h2>\n\n\t<div class=\"activity-list item-list\">\n\n\t\t\n\t\t\t<blockquote>\n\n\t\t\t\t\n\t\t\t\t\t<div class=\"groups activity_update activity-item\">\n\t\t\t\t\t\t<p>Hallenbelegungsplan: <a href=\"https:\/\/unser-aschbach.de\/staging2025\/wp-content\/uploads\/2025\/01\/Hallenbelegung_Aschbach_bis_Maerz2025.pdf\" rel=\"nofollow ugc\">https:\/\/unser-aschbach.de\/staging2025\/wp-content\/uploads\/2025\/01\/Hallenbelegung_Aschbach_bis_Maerz2025.pdf<\/a><\/p>\n\t\t\t\t\t<\/div>\n\n\t\t\t\t\t<footer>\n\n\t\t\t\t\t\t<cite>\n\t\t\t\t\t\t\t<a href=\"https:\/\/unser-aschbach.de\/staging2025\/mitglieder\/peter\/\" class=\"bp-tooltip\" data-bp-tooltip=\"Peter Hempel\">\n\t\t\t\t\t\t\t\t<img decoding=\"async\" loading=\"lazy\" src=\"\/\/www.gravatar.com\/avatar\/9d16428252a6f0fdcc3cae7acad035c1?s=40&#038;r=g&#038;d=mm\" class=\"avatar user-24782-avatar avatar-40 photo\" width=\"40\" height=\"40\" alt=\"Profilbild von Peter Hempel\" \/>\t\t\t\t\t\t\t<\/a>\n\t\t\t\t\t\t<\/cite>\n\n\t\t\t\t\t\t <a href=\"https:\/\/unser-aschbach.de\/staging2025\/aktivitaet\/p\/13\/\" class=\"view activity-time-since bp-tooltip\" data-bp-tooltip=\"Zeige Diskussion\"><span class=\"time-since\" data-livestamp=\"2025-01-14T17:44:42+0000\">vor 1\u00a0Jahr, 3\u00a0Monaten<\/span><\/a>\n\t\t\t\t\t<\/footer>\n\n\t\t\t\t\t\n\t\t\t<\/blockquote>\n\n\t\t\n\t<\/div>\n\n\n<\/div><\/div><div class=\"shariff shariff-align-flex-start shariff-widget-align-flex-start\"><ul class=\"shariff-buttons theme-round orientation-horizontal buttonsize-medium\"><li class=\"shariff-button mailto shariff-nocustomcolor\" style=\"background-color:#a8a8a8\"><a href=\"mailto:?body=https%3A%2F%2Funser-aschbach.de%2Fstaging2025%2Fasap%2Fasap-uebersicht%2F&subject=ASAP%20%C3%9Cbersicht\" title=\"Per E-Mail versenden\" aria-label=\"Per E-Mail versenden\" role=\"button\" rel=\"noopener nofollow\" class=\"shariff-link\" style=\"; background-color:#999; color:#fff\"><span class=\"shariff-icon\" style=\"\"><svg width=\"32px\" height=\"20px\" xmlns=\"http:\/\/www.w3.org\/2000\/svg\" viewBox=\"0 0 32 32\"><path fill=\"#999\" d=\"M32 12.7v14.2q0 1.2-0.8 2t-2 0.9h-26.3q-1.2 0-2-0.9t-0.8-2v-14.2q0.8 0.9 1.8 1.6 6.5 4.4 8.9 6.1 1 0.8 1.6 1.2t1.7 0.9 2 0.4h0.1q0.9 0 2-0.4t1.7-0.9 1.6-1.2q3-2.2 8.9-6.1 1-0.7 1.8-1.6zM32 7.4q0 1.4-0.9 2.7t-2.2 2.2q-6.7 4.7-8.4 5.8-0.2 0.1-0.7 0.5t-1 0.7-0.9 0.6-1.1 0.5-0.9 0.2h-0.1q-0.4 0-0.9-0.2t-1.1-0.5-0.9-0.6-1-0.7-0.7-0.5q-1.6-1.1-4.7-3.2t-3.6-2.6q-1.1-0.7-2.1-2t-1-2.5q0-1.4 0.7-2.3t2.1-0.9h26.3q1.2 0 2 0.8t0.9 2z\"\/><\/svg><\/span><\/a><\/li><li class=\"shariff-button facebook shariff-nocustomcolor\" style=\"background-color:#4273c8\"><a href=\"https:\/\/www.facebook.com\/sharer\/sharer.php?u=https%3A%2F%2Funser-aschbach.de%2Fstaging2025%2Fasap%2Fasap-uebersicht%2F\" title=\"Bei Facebook teilen\" aria-label=\"Bei Facebook teilen\" role=\"button\" rel=\"nofollow\" class=\"shariff-link\" style=\"; background-color:#3b5998; color:#fff\" target=\"_blank\"><span class=\"shariff-icon\" style=\"\"><svg width=\"32px\" height=\"20px\" xmlns=\"http:\/\/www.w3.org\/2000\/svg\" viewBox=\"0 0 18 32\"><path fill=\"#3b5998\" d=\"M17.1 0.2v4.7h-2.8q-1.5 0-2.1 0.6t-0.5 1.9v3.4h5.2l-0.7 5.3h-4.5v13.6h-5.5v-13.6h-4.5v-5.3h4.5v-3.9q0-3.3 1.9-5.2t5-1.8q2.6 0 4.1 0.2z\"\/><\/svg><\/span><\/a><\/li><li class=\"shariff-button whatsapp shariff-nocustomcolor\" style=\"background-color:#5cbe4a\"><a href=\"https:\/\/api.whatsapp.com\/send?text=https%3A%2F%2Funser-aschbach.de%2Fstaging2025%2Fasap%2Fasap-uebersicht%2F%20ASAP%20%C3%9Cbersicht\" title=\"Bei Whatsapp teilen\" aria-label=\"Bei Whatsapp teilen\" role=\"button\" rel=\"noopener nofollow\" class=\"shariff-link\" style=\"; background-color:#34af23; color:#fff\" target=\"_blank\"><span class=\"shariff-icon\" style=\"\"><svg width=\"32px\" height=\"20px\" xmlns=\"http:\/\/www.w3.org\/2000\/svg\" viewBox=\"0 0 32 32\"><path fill=\"#34af23\" d=\"M17.6 17.4q0.2 0 1.7 0.8t1.6 0.9q0 0.1 0 0.3 0 0.6-0.3 1.4-0.3 0.7-1.3 1.2t-1.8 0.5q-1 0-3.4-1.1-1.7-0.8-3-2.1t-2.6-3.3q-1.3-1.9-1.3-3.5v-0.1q0.1-1.6 1.3-2.8 0.4-0.4 0.9-0.4 0.1 0 0.3 0t0.3 0q0.3 0 0.5 0.1t0.3 0.5q0.1 0.4 0.6 1.6t0.4 1.3q0 0.4-0.6 1t-0.6 0.8q0 0.1 0.1 0.3 0.6 1.3 1.8 2.4 1 0.9 2.7 1.8 0.2 0.1 0.4 0.1 0.3 0 1-0.9t0.9-0.9zM14 26.9q2.3 0 4.3-0.9t3.6-2.4 2.4-3.6 0.9-4.3-0.9-4.3-2.4-3.6-3.6-2.4-4.3-0.9-4.3 0.9-3.6 2.4-2.4 3.6-0.9 4.3q0 3.6 2.1 6.6l-1.4 4.2 4.3-1.4q2.8 1.9 6.2 1.9zM14 2.2q2.7 0 5.2 1.1t4.3 2.9 2.9 4.3 1.1 5.2-1.1 5.2-2.9 4.3-4.3 2.9-5.2 1.1q-3.5 0-6.5-1.7l-7.4 2.4 2.4-7.2q-1.9-3.2-1.9-6.9 0-2.7 1.1-5.2t2.9-4.3 4.3-2.9 5.2-1.1z\"\/><\/svg><\/span><\/a><\/li><\/ul><\/div>","protected":false},"excerpt":{"rendered":"<p> <a class=\"continue-reading-link\" href=\"https:\/\/unser-aschbach.de\/staging2025\/asap\/asap-uebersicht\/\"><span>weiterlesen<\/span><i class=\"crycon-right-dir\"><\/i><\/a> <\/p>\n","protected":false},"author":24782,"featured_media":0,"parent":5553,"menu_order":0,"comment_status":"closed","ping_status":"closed","template":"templates\/template-twocolumns-right.php","meta":{"jetpack_post_was_ever_published":false,"footnotes":""},"class_list":["post-5560","page","type-page","status-publish","hentry"],"jetpack_shortlink":"https:\/\/wp.me\/PggZrZ-1rG","jetpack-related-posts":[{"id":5553,"url":"https:\/\/unser-aschbach.de\/staging2025\/asap\/","url_meta":{"origin":5560,"position":0},"title":"Aschbacher Schw\u00e4tz- und Austausch-Plattform (ASAP)","author":"Peter Hempel","date":"8. Januar 2025","format":false,"excerpt":"Hier k\u00f6nnen sich registrierte Userinnen und User austauschen, um sich rund um die Vereinsr\u00e4ume zu koordinieren, Termine abzustimmen und allgemein das Wir-Gef\u00fchl zur\u00fcck in unser Dorf zu bringen.","rel":"","context":"\u00c4hnlicher Beitrag","block_context":{"text":"\u00c4hnlicher Beitrag","link":""},"img":{"alt_text":"","src":"","width":0,"height":0},"classes":[]},{"id":493,"url":"https:\/\/unser-aschbach.de\/staging2025\/fotoalbum\/ortsansichten-im-oktober-2014-2\/","url_meta":{"origin":5560,"position":1},"title":"Ortsansichten im Oktober 2014","author":"Someone","date":"2. Dezember 2014","format":false,"excerpt":"Die Bilder dieser Galerie wurden im Oktober 2014 bei einem Spaziergang \u00fcber die Br\u00fcmburgstra\u00dfe zum Sassenwald aufgenommen. \u00a0 Von der Hohen Birk auf dem Hetschberg hat man einen sch\u00f6nen Blick auf die andere Seite von Aschbach bzw. den Henselhofen. (Fotos: Hildegard Gro\u00df) (Fotos: Hildegard Gro\u00df)","rel":"","context":"\u00c4hnlicher Beitrag","block_context":{"text":"\u00c4hnlicher Beitrag","link":""},"img":{"alt_text":"","src":"https:\/\/i0.wp.com\/unser-aschbach.de\/staging2025\/wp-content\/uploads\/2014\/11\/Auf-dem-Stein1.jpg?resize=350%2C200","width":350,"height":200,"srcset":"https:\/\/i0.wp.com\/unser-aschbach.de\/staging2025\/wp-content\/uploads\/2014\/11\/Auf-dem-Stein1.jpg?resize=350%2C200 1x, https:\/\/i0.wp.com\/unser-aschbach.de\/staging2025\/wp-content\/uploads\/2014\/11\/Auf-dem-Stein1.jpg?resize=525%2C300 1.5x, https:\/\/i0.wp.com\/unser-aschbach.de\/staging2025\/wp-content\/uploads\/2014\/11\/Auf-dem-Stein1.jpg?resize=700%2C400 2x, https:\/\/i0.wp.com\/unser-aschbach.de\/staging2025\/wp-content\/uploads\/2014\/11\/Auf-dem-Stein1.jpg?resize=1050%2C600 3x"},"classes":[]},{"id":122,"url":"https:\/\/unser-aschbach.de\/staging2025\/fotoalbum\/alte-dorfansichten\/","url_meta":{"origin":5560,"position":2},"title":"Alte Dorfansichten","author":"Someone","date":"4. Dezember 2014","format":false,"excerpt":"Stra\u00dfenansichten nach dem Ende des Zweiten Weltkrieges bis Mitte der Siebziger Jahre. (Fotos: Archiv Historischer Verein Aschbach) Die alte Theelbr\u00fccke Die urspr\u00fcngliche alte\u00a0Theelbr\u00fccke, wie sie auf nachfolgenden Fotos zu sehen ist, \u00a0wurde 1834 von Adam Caryot (1773 - 1843) erbaut. \u00a01969 musste diese\u00a0Br\u00fccke\u00a0wegen Sicherheitsm\u00e4ngeln\u00a0abgerissen werden. (Fotos: Archiv Historischer Verein Aschbach)\u2026","rel":"","context":"\u00c4hnlicher Beitrag","block_context":{"text":"\u00c4hnlicher Beitrag","link":""},"img":{"alt_text":"","src":"https:\/\/i0.wp.com\/unser-aschbach.de\/staging2025\/wp-content\/uploads\/2014\/11\/A260028.jpg?fit=1200%2C675&ssl=1&resize=350%2C200","width":350,"height":200,"srcset":"https:\/\/i0.wp.com\/unser-aschbach.de\/staging2025\/wp-content\/uploads\/2014\/11\/A260028.jpg?fit=1200%2C675&ssl=1&resize=350%2C200 1x, https:\/\/i0.wp.com\/unser-aschbach.de\/staging2025\/wp-content\/uploads\/2014\/11\/A260028.jpg?fit=1200%2C675&ssl=1&resize=525%2C300 1.5x, https:\/\/i0.wp.com\/unser-aschbach.de\/staging2025\/wp-content\/uploads\/2014\/11\/A260028.jpg?fit=1200%2C675&ssl=1&resize=700%2C400 2x, https:\/\/i0.wp.com\/unser-aschbach.de\/staging2025\/wp-content\/uploads\/2014\/11\/A260028.jpg?fit=1200%2C675&ssl=1&resize=1050%2C600 3x"},"classes":[]},{"id":2590,"url":"https:\/\/unser-aschbach.de\/staging2025\/datenschutzerklaerung\/","url_meta":{"origin":5560,"position":3},"title":"Datenschutzerkl\u00e4rung","author":"Someone","date":"4. Juni 2018","format":false,"excerpt":"Wir freuen uns sehr \u00fcber Ihr Interesse an Aschbach!Datenschutz hat einen besonders hohen Stellenwert f\u00fcr uns. Deshalb kl\u00e4rt Sie diese Datenschutzerkl\u00e4rung ausf\u00fchrlich \u00fcber die Art, den Umfang und den Zweck von personenbezogenen Daten innerhalb unseres Online-Angebots auf.\u00a0 Zun\u00e4chst aber das Wichtigste:\u00a0 Eine Nutzung der Internetseiten der Dorfgemeinschaft Aschbach ist grunds\u00e4tzlich\u2026","rel":"","context":"\u00c4hnlicher Beitrag","block_context":{"text":"\u00c4hnlicher Beitrag","link":""},"img":{"alt_text":"","src":"","width":0,"height":0},"classes":[]},{"id":354,"url":"https:\/\/unser-aschbach.de\/staging2025\/unser-ort\/ortsvorsteher-und-ortsrat\/","url_meta":{"origin":5560,"position":4},"title":"Ortsrat und Ortsvorsteher","author":"Someone","date":"13. November 2014","format":false,"excerpt":"Ortsvorsteher\/inStellvertreter\/inJosef NickolaiLeo Willms Zusammensetzung des Ortsrats NameAnschriftParteiUhrhan Klaus DieterFlurstra\u00dfe 38GUDThewes SimonFlurstra\u00dfe 67GUDStark Sandra-AnnaAm M\u00fchlenberg 25CDUKirsch LisaZur Homesm\u00fchle 27CDUHempel PeterAm M\u00fchlenberg 27SPDBohlen ThomasFlurstra\u00dfe 26SPDSch\u00fctz LuciaFlurstra\u00dfe 21SPDNickolai JosefZur Flitsch 10SPDWillms LeoAuf der Acht 10SPD Allgemeine Kommunalwahlen Die n\u00e4chsten allgemeinen Kommunalwahlen finden 2029 statt. Direktwahlen Der Wahltag wird von der obersten Kommunalaufsichtsbeh\u00f6rde (Ministerium\u2026","rel":"","context":"\u00c4hnlicher Beitrag","block_context":{"text":"\u00c4hnlicher Beitrag","link":""},"img":{"alt_text":"","src":"","width":0,"height":0},"classes":[]},{"id":82,"url":"https:\/\/unser-aschbach.de\/staging2025\/unser-ort\/","url_meta":{"origin":5560,"position":5},"title":"Unser Ort","author":"Someone","date":"23. Oktober 2014","format":false,"excerpt":"Willkommen in Aschbach! Aschbach ist ein Stadtteil von Lebach und liegt im Saarland, dem kleinsten Fl\u00e4chenbundesland Deutschlands.Diese Seite soll dazu dienen, Einheimische, \"Auswanderer\" und andere Besucher mit allgemeinen und aktuellen Informationen rund um Aschbach zu versorgen. Geographische Lage Aschbach liegt geographisch\u00a0zwar nicht exakt, aber ann\u00e4hernd genau\u00a0in der Mitte des Saarlandes\u2026","rel":"","context":"\u00c4hnlicher Beitrag","block_context":{"text":"\u00c4hnlicher Beitrag","link":""},"img":{"alt_text":"","src":"https:\/\/i0.wp.com\/unser-aschbach.de\/staging2025\/wp-content\/uploads\/2014\/10\/A260013.jpg?resize=350%2C200&ssl=1","width":350,"height":200,"srcset":"https:\/\/i0.wp.com\/unser-aschbach.de\/staging2025\/wp-content\/uploads\/2014\/10\/A260013.jpg?resize=350%2C200&ssl=1 1x, https:\/\/i0.wp.com\/unser-aschbach.de\/staging2025\/wp-content\/uploads\/2014\/10\/A260013.jpg?resize=525%2C300&ssl=1 1.5x, https:\/\/i0.wp.com\/unser-aschbach.de\/staging2025\/wp-content\/uploads\/2014\/10\/A260013.jpg?resize=700%2C400&ssl=1 2x, https:\/\/i0.wp.com\/unser-aschbach.de\/staging2025\/wp-content\/uploads\/2014\/10\/A260013.jpg?resize=1050%2C600&ssl=1 3x"},"classes":[]}],"jetpack_sharing_enabled":true,"_links":{"self":[{"href":"https:\/\/unser-aschbach.de\/staging2025\/wp-json\/wp\/v2\/pages\/5560","targetHints":{"allow":["GET"]}}],"collection":[{"href":"https:\/\/unser-aschbach.de\/staging2025\/wp-json\/wp\/v2\/pages"}],"about":[{"href":"https:\/\/unser-aschbach.de\/staging2025\/wp-json\/wp\/v2\/types\/page"}],"author":[{"embeddable":true,"href":"https:\/\/unser-aschbach.de\/staging2025\/wp-json\/wp\/v2\/users\/24782"}],"replies":[{"embeddable":true,"href":"https:\/\/unser-aschbach.de\/staging2025\/wp-json\/wp\/v2\/comments?post=5560"}],"version-history":[{"count":7,"href":"https:\/\/unser-aschbach.de\/staging2025\/wp-json\/wp\/v2\/pages\/5560\/revisions"}],"predecessor-version":[{"id":5796,"href":"https:\/\/unser-aschbach.de\/staging2025\/wp-json\/wp\/v2\/pages\/5560\/revisions\/5796"}],"up":[{"embeddable":true,"href":"https:\/\/unser-aschbach.de\/staging2025\/wp-json\/wp\/v2\/pages\/5553"}],"wp:attachment":[{"href":"https:\/\/unser-aschbach.de\/staging2025\/wp-json\/wp\/v2\/media?parent=5560"}],"curies":[{"name":"wp","href":"https:\/\/api.w.org\/{rel}","templated":true}]}}