{"id":502,"date":"2014-11-26T22:14:21","date_gmt":"2014-11-26T21:14:21","guid":{"rendered":"https:\/\/unser-aschbach.de\/staging2025\/?page_id=502"},"modified":"2014-12-02T13:14:47","modified_gmt":"2014-12-02T12:14:47","slug":"fotoalbum","status":"publish","type":"page","link":"https:\/\/unser-aschbach.de\/staging2025\/fotoalbum\/","title":{"rendered":"Fotoalbum"},"content":{"rendered":"<p><strong>Hinweis<\/strong><\/p>\n<p>Auf dieser Seite ver\u00f6ffentlichen wir Fotos, die in Aschbach aufgenommen wurden und Eindr\u00fccke von unserem Ort vermitteln sollen. Wir wollen mit den Fotos \u00a0zum einen gegenw\u00e4rtige und vergangene besondere Ereignisse\u00a0festhalten, zum anderen den strukturellen Wandel, den unser Ort seit dem Ende des 2. Weltkrieges erfahren hat, dokumentieren.\u00a0\u00a0Wir sind uns dabei der Problematik des Rechtes am Bild bewusst und achten sehr darauf, keine Pers\u00f6nlichkeitsrechte zu verletzen.<\/p>\n<p>Die Nutzung der Bilder ist nur f\u00fcr private Zwecke gestattet.<\/p>\n<p>Die einzelnen Bildergalerien sind Unterseiten vom Fotoalbum. Man erreicht die Unterseiten, wenn man den Mauszeiger auf &#8222;Fotoalbum&#8220; setzt.<\/p>\n<p>&nbsp;<\/p>\n<p>&nbsp;<\/p>\n<div class=\"shariff shariff-align-flex-start shariff-widget-align-flex-start\"><ul class=\"shariff-buttons theme-round orientation-horizontal buttonsize-medium\"><li class=\"shariff-button mailto shariff-nocustomcolor\" style=\"background-color:#a8a8a8\"><a href=\"mailto:?body=https%3A%2F%2Funser-aschbach.de%2Fstaging2025%2Ffotoalbum%2F&subject=Fotoalbum\" title=\"Per E-Mail versenden\" aria-label=\"Per E-Mail versenden\" role=\"button\" rel=\"noopener nofollow\" class=\"shariff-link\" style=\"; background-color:#999; color:#fff\"><span class=\"shariff-icon\" style=\"\"><svg width=\"32px\" height=\"20px\" xmlns=\"http:\/\/www.w3.org\/2000\/svg\" viewBox=\"0 0 32 32\"><path fill=\"#999\" d=\"M32 12.7v14.2q0 1.2-0.8 2t-2 0.9h-26.3q-1.2 0-2-0.9t-0.8-2v-14.2q0.8 0.9 1.8 1.6 6.5 4.4 8.9 6.1 1 0.8 1.6 1.2t1.7 0.9 2 0.4h0.1q0.9 0 2-0.4t1.7-0.9 1.6-1.2q3-2.2 8.9-6.1 1-0.7 1.8-1.6zM32 7.4q0 1.4-0.9 2.7t-2.2 2.2q-6.7 4.7-8.4 5.8-0.2 0.1-0.7 0.5t-1 0.7-0.9 0.6-1.1 0.5-0.9 0.2h-0.1q-0.4 0-0.9-0.2t-1.1-0.5-0.9-0.6-1-0.7-0.7-0.5q-1.6-1.1-4.7-3.2t-3.6-2.6q-1.1-0.7-2.1-2t-1-2.5q0-1.4 0.7-2.3t2.1-0.9h26.3q1.2 0 2 0.8t0.9 2z\"\/><\/svg><\/span><\/a><\/li><li class=\"shariff-button facebook shariff-nocustomcolor\" style=\"background-color:#4273c8\"><a href=\"https:\/\/www.facebook.com\/sharer\/sharer.php?u=https%3A%2F%2Funser-aschbach.de%2Fstaging2025%2Ffotoalbum%2F\" title=\"Bei Facebook teilen\" aria-label=\"Bei Facebook teilen\" role=\"button\" rel=\"nofollow\" class=\"shariff-link\" style=\"; background-color:#3b5998; color:#fff\" target=\"_blank\"><span class=\"shariff-icon\" style=\"\"><svg width=\"32px\" height=\"20px\" xmlns=\"http:\/\/www.w3.org\/2000\/svg\" viewBox=\"0 0 18 32\"><path fill=\"#3b5998\" d=\"M17.1 0.2v4.7h-2.8q-1.5 0-2.1 0.6t-0.5 1.9v3.4h5.2l-0.7 5.3h-4.5v13.6h-5.5v-13.6h-4.5v-5.3h4.5v-3.9q0-3.3 1.9-5.2t5-1.8q2.6 0 4.1 0.2z\"\/><\/svg><\/span><\/a><\/li><li class=\"shariff-button whatsapp shariff-nocustomcolor\" style=\"background-color:#5cbe4a\"><a href=\"https:\/\/api.whatsapp.com\/send?text=https%3A%2F%2Funser-aschbach.de%2Fstaging2025%2Ffotoalbum%2F%20Fotoalbum\" title=\"Bei Whatsapp teilen\" aria-label=\"Bei Whatsapp teilen\" role=\"button\" rel=\"noopener nofollow\" class=\"shariff-link\" style=\"; background-color:#34af23; color:#fff\" target=\"_blank\"><span class=\"shariff-icon\" style=\"\"><svg width=\"32px\" height=\"20px\" xmlns=\"http:\/\/www.w3.org\/2000\/svg\" viewBox=\"0 0 32 32\"><path fill=\"#34af23\" d=\"M17.6 17.4q0.2 0 1.7 0.8t1.6 0.9q0 0.1 0 0.3 0 0.6-0.3 1.4-0.3 0.7-1.3 1.2t-1.8 0.5q-1 0-3.4-1.1-1.7-0.8-3-2.1t-2.6-3.3q-1.3-1.9-1.3-3.5v-0.1q0.1-1.6 1.3-2.8 0.4-0.4 0.9-0.4 0.1 0 0.3 0t0.3 0q0.3 0 0.5 0.1t0.3 0.5q0.1 0.4 0.6 1.6t0.4 1.3q0 0.4-0.6 1t-0.6 0.8q0 0.1 0.1 0.3 0.6 1.3 1.8 2.4 1 0.9 2.7 1.8 0.2 0.1 0.4 0.1 0.3 0 1-0.9t0.9-0.9zM14 26.9q2.3 0 4.3-0.9t3.6-2.4 2.4-3.6 0.9-4.3-0.9-4.3-2.4-3.6-3.6-2.4-4.3-0.9-4.3 0.9-3.6 2.4-2.4 3.6-0.9 4.3q0 3.6 2.1 6.6l-1.4 4.2 4.3-1.4q2.8 1.9 6.2 1.9zM14 2.2q2.7 0 5.2 1.1t4.3 2.9 2.9 4.3 1.1 5.2-1.1 5.2-2.9 4.3-4.3 2.9-5.2 1.1q-3.5 0-6.5-1.7l-7.4 2.4 2.4-7.2q-1.9-3.2-1.9-6.9 0-2.7 1.1-5.2t2.9-4.3 4.3-2.9 5.2-1.1z\"\/><\/svg><\/span><\/a><\/li><\/ul><\/div>","protected":false},"excerpt":{"rendered":"<p>Hinweis Auf dieser Seite ver\u00f6ffentlichen wir Fotos, die in Aschbach aufgenommen wurden und Eindr\u00fccke von unserem Ort vermitteln sollen. Wir wollen mit den Fotos \u00a0zum einen gegenw\u00e4rtige und vergangene besondere Ereignisse\u00a0festhalten, zum anderen den strukturellen Wandel, den unser Ort seit dem Ende des 2. Weltkrieges erfahren hat, dokumentieren.\u00a0\u00a0Wir sind uns dabei der Problematik des Rechtes&#8230;<\/p>\n<p> <a class=\"continue-reading-link\" href=\"https:\/\/unser-aschbach.de\/staging2025\/fotoalbum\/\"><span>weiterlesen<\/span><i class=\"crycon-right-dir\"><\/i><\/a> <\/p>\n","protected":false},"author":1,"featured_media":0,"parent":0,"menu_order":0,"comment_status":"open","ping_status":"open","template":"","meta":{"jetpack_post_was_ever_published":false,"footnotes":""},"class_list":["post-502","page","type-page","status-publish","hentry"],"jetpack_shortlink":"https:\/\/wp.me\/PggZrZ-86","jetpack-related-posts":[{"id":493,"url":"https:\/\/unser-aschbach.de\/staging2025\/fotoalbum\/ortsansichten-im-oktober-2014-2\/","url_meta":{"origin":502,"position":0},"title":"Ortsansichten im Oktober 2014","author":"Someone","date":"2. Dezember 2014","format":false,"excerpt":"Die Bilder dieser Galerie wurden im Oktober 2014 bei einem Spaziergang \u00fcber die Br\u00fcmburgstra\u00dfe zum Sassenwald aufgenommen. \u00a0 Von der Hohen Birk auf dem Hetschberg hat man einen sch\u00f6nen Blick auf die andere Seite von Aschbach bzw. den Henselhofen. (Fotos: Hildegard Gro\u00df) (Fotos: Hildegard Gro\u00df)","rel":"","context":"\u00c4hnlicher Beitrag","block_context":{"text":"\u00c4hnlicher Beitrag","link":""},"img":{"alt_text":"","src":"https:\/\/i0.wp.com\/unser-aschbach.de\/staging2025\/wp-content\/uploads\/2014\/11\/Auf-dem-Stein1.jpg?resize=350%2C200","width":350,"height":200,"srcset":"https:\/\/i0.wp.com\/unser-aschbach.de\/staging2025\/wp-content\/uploads\/2014\/11\/Auf-dem-Stein1.jpg?resize=350%2C200 1x, https:\/\/i0.wp.com\/unser-aschbach.de\/staging2025\/wp-content\/uploads\/2014\/11\/Auf-dem-Stein1.jpg?resize=525%2C300 1.5x, https:\/\/i0.wp.com\/unser-aschbach.de\/staging2025\/wp-content\/uploads\/2014\/11\/Auf-dem-Stein1.jpg?resize=700%2C400 2x, https:\/\/i0.wp.com\/unser-aschbach.de\/staging2025\/wp-content\/uploads\/2014\/11\/Auf-dem-Stein1.jpg?resize=1050%2C600 3x"},"classes":[]},{"id":982,"url":"https:\/\/unser-aschbach.de\/staging2025\/fotoalbum\/wer-kann-sich-erinnern\/","url_meta":{"origin":502,"position":1},"title":"Wer kann sich erinnern&#8230;","author":"Someone","date":"12. Februar 2015","format":false,"excerpt":"Auf dieser Seite stelle ich alte Fotos ein, zu denen es noch Informationsbedarf gibt. Wenn jemand zu den Bildern etwas weiss, w\u00e4re es toll, diese Informationen mitzuteilen - entweder als Kommentar zu diesem Beitrag oder \u00fcber das Kontaktformular. \u00a0 Dieses Foto stammt aus dem Jahre 1955. Wenn man das Bild\u2026","rel":"","context":"Mit 2 Kommentaren","block_context":{"text":"Mit 2 Kommentaren","link":"https:\/\/unser-aschbach.de\/staging2025\/fotoalbum\/wer-kann-sich-erinnern\/#comments"},"img":{"alt_text":"","src":"https:\/\/i0.wp.com\/unser-aschbach.de\/staging2025\/wp-content\/uploads\/2015\/02\/Ansicht-Kirche.jpg?resize=350%2C200","width":350,"height":200,"srcset":"https:\/\/i0.wp.com\/unser-aschbach.de\/staging2025\/wp-content\/uploads\/2015\/02\/Ansicht-Kirche.jpg?resize=350%2C200 1x, https:\/\/i0.wp.com\/unser-aschbach.de\/staging2025\/wp-content\/uploads\/2015\/02\/Ansicht-Kirche.jpg?resize=525%2C300 1.5x, https:\/\/i0.wp.com\/unser-aschbach.de\/staging2025\/wp-content\/uploads\/2015\/02\/Ansicht-Kirche.jpg?resize=700%2C400 2x, https:\/\/i0.wp.com\/unser-aschbach.de\/staging2025\/wp-content\/uploads\/2015\/02\/Ansicht-Kirche.jpg?resize=1050%2C600 3x"},"classes":[]},{"id":3577,"url":"https:\/\/unser-aschbach.de\/staging2025\/ein-auswanderer-gruesst-aschbach-mit-einem-fotoalbum\/","url_meta":{"origin":502,"position":2},"title":"Ein &#8222;Auswanderer&#8220; gr\u00fc\u00dft Aschbach mit einem Fotoalbum","author":"Someone","date":"22. Februar 2019","format":false,"excerpt":"Die nachfolgenden Fotos wurden von Dominique Grass, einem Aschbacher Bub, zur Verf\u00fcgung gestellt als Dankesch\u00f6n f\u00fcr die M\u00f6glichkeit, auch aus der Ferne am Aschbacher Dorfgeschehen teilhaben zu k\u00f6nnen. Das erste Fotoalbum wurde im Juli 2002 aufgenommen. Das zweite Fotoalbum hat Dominique mit \"Herbsteindr\u00fccke\" \u00fcberschrieben. Die Aufnahmen entstanden ebenfalls im Jahr\u2026","rel":"","context":"\u00c4hnlicher Beitrag","block_context":{"text":"\u00c4hnlicher Beitrag","link":""},"img":{"alt_text":"","src":"https:\/\/i0.wp.com\/unser-aschbach.de\/staging2025\/wp-content\/uploads\/2019\/02\/01.jpg?fit=1200%2C800&ssl=1&resize=350%2C200","width":350,"height":200,"srcset":"https:\/\/i0.wp.com\/unser-aschbach.de\/staging2025\/wp-content\/uploads\/2019\/02\/01.jpg?fit=1200%2C800&ssl=1&resize=350%2C200 1x, https:\/\/i0.wp.com\/unser-aschbach.de\/staging2025\/wp-content\/uploads\/2019\/02\/01.jpg?fit=1200%2C800&ssl=1&resize=525%2C300 1.5x, https:\/\/i0.wp.com\/unser-aschbach.de\/staging2025\/wp-content\/uploads\/2019\/02\/01.jpg?fit=1200%2C800&ssl=1&resize=700%2C400 2x, https:\/\/i0.wp.com\/unser-aschbach.de\/staging2025\/wp-content\/uploads\/2019\/02\/01.jpg?fit=1200%2C800&ssl=1&resize=1050%2C600 3x"},"classes":[]},{"id":1036,"url":"https:\/\/unser-aschbach.de\/staging2025\/fotoalbum\/bilder-obst-und-gartenbauverein\/","url_meta":{"origin":502,"position":3},"title":"Bilder Obst- und Gartenbauverein","author":"Someone","date":"22. Februar 2015","format":false,"excerpt":"Sie finden \u00fcber den Obst- und Gartenbauverein Aschbach auch Informationen auf unserer Seite \"Vereine\"- https:\/\/unser-aschbach.de\/staging2025\/wp-admin\/post.php?post=1024&action=edit&message= Im Oktober 2011 konnte der Obst- und Gartenbauverein Aschbach sein 100-j\u00e4hriges Bestehen feiern. Kinderferienaktion 2010 Vereinsfahrt 1996 \u00a0 \u00a0","rel":"","context":"\u00c4hnlicher Beitrag","block_context":{"text":"\u00c4hnlicher Beitrag","link":""},"img":{"alt_text":"","src":"https:\/\/i0.wp.com\/unser-aschbach.de\/staging2025\/wp-content\/uploads\/2015\/02\/DSC_5423.jpg?resize=350%2C200","width":350,"height":200,"srcset":"https:\/\/i0.wp.com\/unser-aschbach.de\/staging2025\/wp-content\/uploads\/2015\/02\/DSC_5423.jpg?resize=350%2C200 1x, https:\/\/i0.wp.com\/unser-aschbach.de\/staging2025\/wp-content\/uploads\/2015\/02\/DSC_5423.jpg?resize=525%2C300 1.5x, https:\/\/i0.wp.com\/unser-aschbach.de\/staging2025\/wp-content\/uploads\/2015\/02\/DSC_5423.jpg?resize=700%2C400 2x, https:\/\/i0.wp.com\/unser-aschbach.de\/staging2025\/wp-content\/uploads\/2015\/02\/DSC_5423.jpg?resize=1050%2C600 3x"},"classes":[]},{"id":524,"url":"https:\/\/unser-aschbach.de\/staging2025\/fotoalbum\/der-fischweiher\/","url_meta":{"origin":502,"position":4},"title":"Der Aschbacher Weiher","author":"Someone","date":"2. Dezember 2014","format":false,"excerpt":"\u00a0 Der Fischweiher in der Stra\u00dfe Zur Homesm\u00fchle \u00a0 wurde 1973 am Rande des Aschbacher Waldes angelegt. Pflege und Instandhaltung\u00a0erfolgen durch die Angelfreunde. Sucht man bei Google Maps nach dem Weiher, findet man an der Stelle\u00a0nur die Bezeichnung \"Teich\" oder \"Matzenb\u00f6schbach.\"\u00a0Wir Aschbacher aber reden immer nur vom Aschbacher Weiher. \u00a0\u2026","rel":"","context":"\u00c4hnlicher Beitrag","block_context":{"text":"\u00c4hnlicher Beitrag","link":""},"img":{"alt_text":"","src":"https:\/\/i0.wp.com\/unser-aschbach.de\/staging2025\/wp-content\/uploads\/2014\/12\/Panorama.jpg?fit=1200%2C318&ssl=1&resize=350%2C200","width":350,"height":200,"srcset":"https:\/\/i0.wp.com\/unser-aschbach.de\/staging2025\/wp-content\/uploads\/2014\/12\/Panorama.jpg?fit=1200%2C318&ssl=1&resize=350%2C200 1x, https:\/\/i0.wp.com\/unser-aschbach.de\/staging2025\/wp-content\/uploads\/2014\/12\/Panorama.jpg?fit=1200%2C318&ssl=1&resize=525%2C300 1.5x, https:\/\/i0.wp.com\/unser-aschbach.de\/staging2025\/wp-content\/uploads\/2014\/12\/Panorama.jpg?fit=1200%2C318&ssl=1&resize=700%2C400 2x, https:\/\/i0.wp.com\/unser-aschbach.de\/staging2025\/wp-content\/uploads\/2014\/12\/Panorama.jpg?fit=1200%2C318&ssl=1&resize=1050%2C600 3x"},"classes":[]},{"id":122,"url":"https:\/\/unser-aschbach.de\/staging2025\/fotoalbum\/alte-dorfansichten\/","url_meta":{"origin":502,"position":5},"title":"Alte Dorfansichten","author":"Someone","date":"4. Dezember 2014","format":false,"excerpt":"Stra\u00dfenansichten nach dem Ende des Zweiten Weltkrieges bis Mitte der Siebziger Jahre. (Fotos: Archiv Historischer Verein Aschbach) Die alte Theelbr\u00fccke Die urspr\u00fcngliche alte\u00a0Theelbr\u00fccke, wie sie auf nachfolgenden Fotos zu sehen ist, \u00a0wurde 1834 von Adam Caryot (1773 - 1843) erbaut. \u00a01969 musste diese\u00a0Br\u00fccke\u00a0wegen Sicherheitsm\u00e4ngeln\u00a0abgerissen werden. (Fotos: Archiv Historischer Verein Aschbach)\u2026","rel":"","context":"\u00c4hnlicher Beitrag","block_context":{"text":"\u00c4hnlicher Beitrag","link":""},"img":{"alt_text":"","src":"https:\/\/i0.wp.com\/unser-aschbach.de\/staging2025\/wp-content\/uploads\/2014\/11\/A260028.jpg?fit=1200%2C675&ssl=1&resize=350%2C200","width":350,"height":200,"srcset":"https:\/\/i0.wp.com\/unser-aschbach.de\/staging2025\/wp-content\/uploads\/2014\/11\/A260028.jpg?fit=1200%2C675&ssl=1&resize=350%2C200 1x, https:\/\/i0.wp.com\/unser-aschbach.de\/staging2025\/wp-content\/uploads\/2014\/11\/A260028.jpg?fit=1200%2C675&ssl=1&resize=525%2C300 1.5x, https:\/\/i0.wp.com\/unser-aschbach.de\/staging2025\/wp-content\/uploads\/2014\/11\/A260028.jpg?fit=1200%2C675&ssl=1&resize=700%2C400 2x, https:\/\/i0.wp.com\/unser-aschbach.de\/staging2025\/wp-content\/uploads\/2014\/11\/A260028.jpg?fit=1200%2C675&ssl=1&resize=1050%2C600 3x"},"classes":[]}],"jetpack_sharing_enabled":true,"_links":{"self":[{"href":"https:\/\/unser-aschbach.de\/staging2025\/wp-json\/wp\/v2\/pages\/502","targetHints":{"allow":["GET"]}}],"collection":[{"href":"https:\/\/unser-aschbach.de\/staging2025\/wp-json\/wp\/v2\/pages"}],"about":[{"href":"https:\/\/unser-aschbach.de\/staging2025\/wp-json\/wp\/v2\/types\/page"}],"author":[{"embeddable":true,"href":"https:\/\/unser-aschbach.de\/staging2025\/wp-json\/wp\/v2\/users\/1"}],"replies":[{"embeddable":true,"href":"https:\/\/unser-aschbach.de\/staging2025\/wp-json\/wp\/v2\/comments?post=502"}],"version-history":[{"count":6,"href":"https:\/\/unser-aschbach.de\/staging2025\/wp-json\/wp\/v2\/pages\/502\/revisions"}],"predecessor-version":[{"id":2794,"href":"https:\/\/unser-aschbach.de\/staging2025\/wp-json\/wp\/v2\/pages\/502\/revisions\/2794"}],"wp:attachment":[{"href":"https:\/\/unser-aschbach.de\/staging2025\/wp-json\/wp\/v2\/media?parent=502"}],"curies":[{"name":"wp","href":"https:\/\/api.w.org\/{rel}","templated":true}]}}