{"id":37,"date":"2014-10-20T20:48:36","date_gmt":"2014-10-20T18:48:36","guid":{"rendered":"https:\/\/unser-aschbach.de\/staging2025\/?page_id=37"},"modified":"2025-01-15T18:14:35","modified_gmt":"2025-01-15T17:14:35","slug":"impressum-2","status":"publish","type":"page","link":"https:\/\/unser-aschbach.de\/staging2025\/impressum-2\/","title":{"rendered":"Impressum"},"content":{"rendered":"\n<h2 class=\"wp-block-heading\">Angaben gem\u00e4\u00df \u00a7 5 TMG:<\/h2>\n\n\n\n<p><strong>Peter Hempel<\/strong><br \/><em>in Zusammenarbeit mit und im Auftrag des Ortsrats Aschbach<\/em><\/p>\n\n\n\n<p>Am M\u00fchlenberg 27<br \/>66822 Lebach<\/p>\n\n\n\n<h3 class=\"wp-block-heading\">Kontakt:&nbsp;<span style=\"line-height: 1.2;\">kontakt@unser-aschbach.de<\/span><\/h3>\n\n\n\n<p>  <br \/><strong>Rechtshinweis<\/strong>: Die Betreiber von dieser Website pr\u00fcfen und aktualisieren die Informationen auf ihrer Website st\u00e4ndig. Trotz aller Sorgfalt k\u00f6nnen sich die Daten inzwischen ver\u00e4ndert haben. Eine Haftung oder Garantie f\u00fcr die Aktualit\u00e4t, Richtigkeit und Vollst\u00e4ndigkeit der zur Verf\u00fcgung gestellten Informationen kann daher nicht \u00fcbernommen werden. Gleiches gilt auch f\u00fcr alle anderen Websites, auf die mittels Hyperlink verwiesen wird. Die Autorin ist f\u00fcr den Inhalt der Websites, die aufgrund einer solchen Verbindung erreicht werden, nicht verantwortlich. Des Weiteren beh\u00e4lt sich sie sich das Recht vor, \u00c4nderungen oder Erg\u00e4nzungen der bereitgestellten Informationen vorzunehmen. Inhalt, Struktur und Erscheinungsbild der Website sind urheberrechtlich gesch\u00fctzt.<\/p>\n\n\n\n<p><strong>&nbsp;<\/strong><\/p>\n\n\n\n<p><strong>Copyright<\/strong>: Alle Texte, alle Fotos, alle Gestaltungselemente dieses Servers sind \u2013 sofern nicht ein anderes Copyright angegeben ist \u2013 f\u00fcr die Autoren urheberrechtlich gesch\u00fctzt. Jede Verwertung au\u00dferhalb der engen Grenzen des Urheberrechtsgesetzes ist ohne ihre Zustimmung unzul\u00e4ssig.<\/p>\n<div class=\"shariff shariff-align-flex-start shariff-widget-align-flex-start\"><ul class=\"shariff-buttons theme-round orientation-horizontal buttonsize-medium\"><li class=\"shariff-button mailto shariff-nocustomcolor\" style=\"background-color:#a8a8a8\"><a href=\"mailto:?body=https%3A%2F%2Funser-aschbach.de%2Fstaging2025%2Fimpressum-2%2F&subject=Impressum\" title=\"Per E-Mail versenden\" aria-label=\"Per E-Mail versenden\" role=\"button\" rel=\"noopener nofollow\" class=\"shariff-link\" style=\"; background-color:#999; color:#fff\"><span class=\"shariff-icon\" style=\"\"><svg width=\"32px\" height=\"20px\" xmlns=\"http:\/\/www.w3.org\/2000\/svg\" viewBox=\"0 0 32 32\"><path fill=\"#999\" d=\"M32 12.7v14.2q0 1.2-0.8 2t-2 0.9h-26.3q-1.2 0-2-0.9t-0.8-2v-14.2q0.8 0.9 1.8 1.6 6.5 4.4 8.9 6.1 1 0.8 1.6 1.2t1.7 0.9 2 0.4h0.1q0.9 0 2-0.4t1.7-0.9 1.6-1.2q3-2.2 8.9-6.1 1-0.7 1.8-1.6zM32 7.4q0 1.4-0.9 2.7t-2.2 2.2q-6.7 4.7-8.4 5.8-0.2 0.1-0.7 0.5t-1 0.7-0.9 0.6-1.1 0.5-0.9 0.2h-0.1q-0.4 0-0.9-0.2t-1.1-0.5-0.9-0.6-1-0.7-0.7-0.5q-1.6-1.1-4.7-3.2t-3.6-2.6q-1.1-0.7-2.1-2t-1-2.5q0-1.4 0.7-2.3t2.1-0.9h26.3q1.2 0 2 0.8t0.9 2z\"\/><\/svg><\/span><\/a><\/li><li class=\"shariff-button facebook shariff-nocustomcolor\" style=\"background-color:#4273c8\"><a href=\"https:\/\/www.facebook.com\/sharer\/sharer.php?u=https%3A%2F%2Funser-aschbach.de%2Fstaging2025%2Fimpressum-2%2F\" title=\"Bei Facebook teilen\" aria-label=\"Bei Facebook teilen\" role=\"button\" rel=\"nofollow\" class=\"shariff-link\" style=\"; background-color:#3b5998; color:#fff\" target=\"_blank\"><span class=\"shariff-icon\" style=\"\"><svg width=\"32px\" height=\"20px\" xmlns=\"http:\/\/www.w3.org\/2000\/svg\" viewBox=\"0 0 18 32\"><path fill=\"#3b5998\" d=\"M17.1 0.2v4.7h-2.8q-1.5 0-2.1 0.6t-0.5 1.9v3.4h5.2l-0.7 5.3h-4.5v13.6h-5.5v-13.6h-4.5v-5.3h4.5v-3.9q0-3.3 1.9-5.2t5-1.8q2.6 0 4.1 0.2z\"\/><\/svg><\/span><\/a><\/li><li class=\"shariff-button whatsapp shariff-nocustomcolor\" style=\"background-color:#5cbe4a\"><a href=\"https:\/\/api.whatsapp.com\/send?text=https%3A%2F%2Funser-aschbach.de%2Fstaging2025%2Fimpressum-2%2F%20Impressum\" title=\"Bei Whatsapp teilen\" aria-label=\"Bei Whatsapp teilen\" role=\"button\" rel=\"noopener nofollow\" class=\"shariff-link\" style=\"; background-color:#34af23; color:#fff\" target=\"_blank\"><span class=\"shariff-icon\" style=\"\"><svg width=\"32px\" height=\"20px\" xmlns=\"http:\/\/www.w3.org\/2000\/svg\" viewBox=\"0 0 32 32\"><path fill=\"#34af23\" d=\"M17.6 17.4q0.2 0 1.7 0.8t1.6 0.9q0 0.1 0 0.3 0 0.6-0.3 1.4-0.3 0.7-1.3 1.2t-1.8 0.5q-1 0-3.4-1.1-1.7-0.8-3-2.1t-2.6-3.3q-1.3-1.9-1.3-3.5v-0.1q0.1-1.6 1.3-2.8 0.4-0.4 0.9-0.4 0.1 0 0.3 0t0.3 0q0.3 0 0.5 0.1t0.3 0.5q0.1 0.4 0.6 1.6t0.4 1.3q0 0.4-0.6 1t-0.6 0.8q0 0.1 0.1 0.3 0.6 1.3 1.8 2.4 1 0.9 2.7 1.8 0.2 0.1 0.4 0.1 0.3 0 1-0.9t0.9-0.9zM14 26.9q2.3 0 4.3-0.9t3.6-2.4 2.4-3.6 0.9-4.3-0.9-4.3-2.4-3.6-3.6-2.4-4.3-0.9-4.3 0.9-3.6 2.4-2.4 3.6-0.9 4.3q0 3.6 2.1 6.6l-1.4 4.2 4.3-1.4q2.8 1.9 6.2 1.9zM14 2.2q2.7 0 5.2 1.1t4.3 2.9 2.9 4.3 1.1 5.2-1.1 5.2-2.9 4.3-4.3 2.9-5.2 1.1q-3.5 0-6.5-1.7l-7.4 2.4 2.4-7.2q-1.9-3.2-1.9-6.9 0-2.7 1.1-5.2t2.9-4.3 4.3-2.9 5.2-1.1z\"\/><\/svg><\/span><\/a><\/li><\/ul><\/div>","protected":false},"excerpt":{"rendered":"<p>Angaben gem\u00e4\u00df \u00a7 5 TMG: Peter Hempelin Zusammenarbeit mit und im Auftrag des Ortsrats Aschbach Am M\u00fchlenberg 2766822 Lebach Kontakt:&nbsp;kontakt@unser-aschbach.de Rechtshinweis: Die Betreiber von dieser Website pr\u00fcfen und aktualisieren die Informationen auf ihrer Website st\u00e4ndig. Trotz aller Sorgfalt k\u00f6nnen sich die Daten inzwischen ver\u00e4ndert haben. Eine Haftung oder Garantie f\u00fcr die Aktualit\u00e4t, Richtigkeit und Vollst\u00e4ndigkeit&#8230;<\/p>\n<p> <a class=\"continue-reading-link\" href=\"https:\/\/unser-aschbach.de\/staging2025\/impressum-2\/\"><span>weiterlesen<\/span><i class=\"crycon-right-dir\"><\/i><\/a> <\/p>\n","protected":false},"author":1,"featured_media":0,"parent":0,"menu_order":-1,"comment_status":"closed","ping_status":"closed","template":"","meta":{"jetpack_post_was_ever_published":false,"footnotes":""},"class_list":["post-37","page","type-page","status-publish","hentry"],"jetpack_shortlink":"https:\/\/wp.me\/PggZrZ-B","jetpack-related-posts":[{"id":807,"url":"https:\/\/unser-aschbach.de\/staging2025\/vereine-2\/","url_meta":{"origin":37,"position":0},"title":"Vereine und Parteien","author":"Someone","date":"15. Januar 2015","format":false,"excerpt":"Aschbach kann stolz sein auf eine rege Vereinst\u00e4tigkeit. Es wird ein breites Spektrum an Aktivit\u00e4ten f\u00fcr jung und alt angeboten. Ob sportlich, kulturell, kirchlich, kreativ, sozial, gemeinn\u00fctzig, politisch...(fast) alles ist vertreten in Aschbach. Dabei kommt diese breite Palette an Angeboten nicht nur denjenigen zugute, die f\u00fcr sich selbst eine sinnvolle\u2026","rel":"","context":"Mit 2 Kommentaren","block_context":{"text":"Mit 2 Kommentaren","link":"https:\/\/unser-aschbach.de\/staging2025\/vereine-2\/#comments"},"img":{"alt_text":"","src":"https:\/\/i0.wp.com\/unser-aschbach.de\/staging2025\/wp-content\/uploads\/2015\/01\/Wappenwand_bearbeitet1.jpg?fit=1200%2C336&ssl=1&resize=350%2C200","width":350,"height":200,"srcset":"https:\/\/i0.wp.com\/unser-aschbach.de\/staging2025\/wp-content\/uploads\/2015\/01\/Wappenwand_bearbeitet1.jpg?fit=1200%2C336&ssl=1&resize=350%2C200 1x, https:\/\/i0.wp.com\/unser-aschbach.de\/staging2025\/wp-content\/uploads\/2015\/01\/Wappenwand_bearbeitet1.jpg?fit=1200%2C336&ssl=1&resize=525%2C300 1.5x, https:\/\/i0.wp.com\/unser-aschbach.de\/staging2025\/wp-content\/uploads\/2015\/01\/Wappenwand_bearbeitet1.jpg?fit=1200%2C336&ssl=1&resize=700%2C400 2x, https:\/\/i0.wp.com\/unser-aschbach.de\/staging2025\/wp-content\/uploads\/2015\/01\/Wappenwand_bearbeitet1.jpg?fit=1200%2C336&ssl=1&resize=1050%2C600 3x"},"classes":[]},{"id":2590,"url":"https:\/\/unser-aschbach.de\/staging2025\/datenschutzerklaerung\/","url_meta":{"origin":37,"position":1},"title":"Datenschutzerkl\u00e4rung","author":"Someone","date":"4. Juni 2018","format":false,"excerpt":"Wir freuen uns sehr \u00fcber Ihr Interesse an Aschbach!Datenschutz hat einen besonders hohen Stellenwert f\u00fcr uns. Deshalb kl\u00e4rt Sie diese Datenschutzerkl\u00e4rung ausf\u00fchrlich \u00fcber die Art, den Umfang und den Zweck von personenbezogenen Daten innerhalb unseres Online-Angebots auf.\u00a0 Zun\u00e4chst aber das Wichtigste:\u00a0 Eine Nutzung der Internetseiten der Dorfgemeinschaft Aschbach ist grunds\u00e4tzlich\u2026","rel":"","context":"\u00c4hnlicher Beitrag","block_context":{"text":"\u00c4hnlicher Beitrag","link":""},"img":{"alt_text":"","src":"","width":0,"height":0},"classes":[]},{"id":2415,"url":"https:\/\/unser-aschbach.de\/staging2025\/wie-war-das-noch-damals\/","url_meta":{"origin":37,"position":2},"title":"Wie war das noch damals?","author":"Someone","date":"23. Dezember 2018","format":false,"excerpt":"Diese neue Seite auf unserer Website m\u00f6chte ich nach und nach mit Erinnerungen an die sp\u00e4ten f\u00fcnfziger Jahre sowie die sechziger Jahre\u00a0 des vorigen Jahrhunderts f\u00fcllen.\u00a0 Es sind meist subjektive Berichte, wahrgenommen als Kind\u00a0 und so wiedergegeben, wie sie mir heute noch in Erinnerung sind. Gerne nehme ich Korrekturen und\u2026","rel":"","context":"\u00c4hnlicher Beitrag","block_context":{"text":"\u00c4hnlicher Beitrag","link":""},"img":{"alt_text":"","src":"https:\/\/i0.wp.com\/unser-aschbach.de\/staging2025\/wp-content\/uploads\/2014\/12\/Aschbach-1946_bearbeitet.jpg?fit=1200%2C781&ssl=1&resize=350%2C200","width":350,"height":200,"srcset":"https:\/\/i0.wp.com\/unser-aschbach.de\/staging2025\/wp-content\/uploads\/2014\/12\/Aschbach-1946_bearbeitet.jpg?fit=1200%2C781&ssl=1&resize=350%2C200 1x, https:\/\/i0.wp.com\/unser-aschbach.de\/staging2025\/wp-content\/uploads\/2014\/12\/Aschbach-1946_bearbeitet.jpg?fit=1200%2C781&ssl=1&resize=525%2C300 1.5x, https:\/\/i0.wp.com\/unser-aschbach.de\/staging2025\/wp-content\/uploads\/2014\/12\/Aschbach-1946_bearbeitet.jpg?fit=1200%2C781&ssl=1&resize=700%2C400 2x, https:\/\/i0.wp.com\/unser-aschbach.de\/staging2025\/wp-content\/uploads\/2014\/12\/Aschbach-1946_bearbeitet.jpg?fit=1200%2C781&ssl=1&resize=1050%2C600 3x"},"classes":[]},{"id":982,"url":"https:\/\/unser-aschbach.de\/staging2025\/fotoalbum\/wer-kann-sich-erinnern\/","url_meta":{"origin":37,"position":3},"title":"Wer kann sich erinnern&#8230;","author":"Someone","date":"12. Februar 2015","format":false,"excerpt":"Auf dieser Seite stelle ich alte Fotos ein, zu denen es noch Informationsbedarf gibt. Wenn jemand zu den Bildern etwas weiss, w\u00e4re es toll, diese Informationen mitzuteilen - entweder als Kommentar zu diesem Beitrag oder \u00fcber das Kontaktformular. \u00a0 Dieses Foto stammt aus dem Jahre 1955. Wenn man das Bild\u2026","rel":"","context":"Mit 2 Kommentaren","block_context":{"text":"Mit 2 Kommentaren","link":"https:\/\/unser-aschbach.de\/staging2025\/fotoalbum\/wer-kann-sich-erinnern\/#comments"},"img":{"alt_text":"","src":"https:\/\/i0.wp.com\/unser-aschbach.de\/staging2025\/wp-content\/uploads\/2015\/02\/Ansicht-Kirche.jpg?resize=350%2C200","width":350,"height":200,"srcset":"https:\/\/i0.wp.com\/unser-aschbach.de\/staging2025\/wp-content\/uploads\/2015\/02\/Ansicht-Kirche.jpg?resize=350%2C200 1x, https:\/\/i0.wp.com\/unser-aschbach.de\/staging2025\/wp-content\/uploads\/2015\/02\/Ansicht-Kirche.jpg?resize=525%2C300 1.5x, https:\/\/i0.wp.com\/unser-aschbach.de\/staging2025\/wp-content\/uploads\/2015\/02\/Ansicht-Kirche.jpg?resize=700%2C400 2x, https:\/\/i0.wp.com\/unser-aschbach.de\/staging2025\/wp-content\/uploads\/2015\/02\/Ansicht-Kirche.jpg?resize=1050%2C600 3x"},"classes":[]},{"id":82,"url":"https:\/\/unser-aschbach.de\/staging2025\/unser-ort\/","url_meta":{"origin":37,"position":4},"title":"Unser Ort","author":"Someone","date":"23. Oktober 2014","format":false,"excerpt":"Willkommen in Aschbach! Aschbach ist ein Stadtteil von Lebach und liegt im Saarland, dem kleinsten Fl\u00e4chenbundesland Deutschlands.Diese Seite soll dazu dienen, Einheimische, \"Auswanderer\" und andere Besucher mit allgemeinen und aktuellen Informationen rund um Aschbach zu versorgen. Geographische Lage Aschbach liegt geographisch\u00a0zwar nicht exakt, aber ann\u00e4hernd genau\u00a0in der Mitte des Saarlandes\u2026","rel":"","context":"\u00c4hnlicher Beitrag","block_context":{"text":"\u00c4hnlicher Beitrag","link":""},"img":{"alt_text":"","src":"https:\/\/i0.wp.com\/unser-aschbach.de\/staging2025\/wp-content\/uploads\/2014\/10\/A260013.jpg?resize=350%2C200&ssl=1","width":350,"height":200,"srcset":"https:\/\/i0.wp.com\/unser-aschbach.de\/staging2025\/wp-content\/uploads\/2014\/10\/A260013.jpg?resize=350%2C200&ssl=1 1x, https:\/\/i0.wp.com\/unser-aschbach.de\/staging2025\/wp-content\/uploads\/2014\/10\/A260013.jpg?resize=525%2C300&ssl=1 1.5x, https:\/\/i0.wp.com\/unser-aschbach.de\/staging2025\/wp-content\/uploads\/2014\/10\/A260013.jpg?resize=700%2C400&ssl=1 2x, https:\/\/i0.wp.com\/unser-aschbach.de\/staging2025\/wp-content\/uploads\/2014\/10\/A260013.jpg?resize=1050%2C600&ssl=1 3x"},"classes":[]}],"jetpack_sharing_enabled":true,"_links":{"self":[{"href":"https:\/\/unser-aschbach.de\/staging2025\/wp-json\/wp\/v2\/pages\/37","targetHints":{"allow":["GET"]}}],"collection":[{"href":"https:\/\/unser-aschbach.de\/staging2025\/wp-json\/wp\/v2\/pages"}],"about":[{"href":"https:\/\/unser-aschbach.de\/staging2025\/wp-json\/wp\/v2\/types\/page"}],"author":[{"embeddable":true,"href":"https:\/\/unser-aschbach.de\/staging2025\/wp-json\/wp\/v2\/users\/1"}],"replies":[{"embeddable":true,"href":"https:\/\/unser-aschbach.de\/staging2025\/wp-json\/wp\/v2\/comments?post=37"}],"version-history":[{"count":11,"href":"https:\/\/unser-aschbach.de\/staging2025\/wp-json\/wp\/v2\/pages\/37\/revisions"}],"predecessor-version":[{"id":6035,"href":"https:\/\/unser-aschbach.de\/staging2025\/wp-json\/wp\/v2\/pages\/37\/revisions\/6035"}],"wp:attachment":[{"href":"https:\/\/unser-aschbach.de\/staging2025\/wp-json\/wp\/v2\/media?parent=37"}],"curies":[{"name":"wp","href":"https:\/\/api.w.org\/{rel}","templated":true}]}}