{"id":354,"date":"2014-11-13T20:18:50","date_gmt":"2014-11-13T19:18:50","guid":{"rendered":"https:\/\/unser-aschbach.de\/staging2025\/?page_id=354"},"modified":"2025-01-10T13:53:57","modified_gmt":"2025-01-10T12:53:57","slug":"ortsvorsteher-und-ortsrat","status":"publish","type":"page","link":"https:\/\/unser-aschbach.de\/staging2025\/unser-ort\/ortsvorsteher-und-ortsrat\/","title":{"rendered":"Ortsrat und Ortsvorsteher"},"content":{"rendered":"\n<figure class=\"wp-block-table\"><table class=\"has-fixed-layout\"><thead><tr><th>Ortsvorsteher\/in<\/th><th>Stellvertreter\/in<\/th><\/tr><\/thead><tbody><tr><td>Josef Nickolai<\/td><td>Leo Willms<\/td><\/tr><\/tbody><\/table><\/figure>\n\n\n\n<p><strong>Zusammensetzung des Ortsrats<\/strong><\/p>\n\n\n\n<figure class=\"wp-block-table\"><table class=\"has-fixed-layout\"><thead><tr><th>Name<\/th><th>Anschrift<\/th><th>Partei<\/th><\/tr><\/thead><tbody><tr><td>Uhrhan Klaus Dieter<\/td><td>Flurstra\u00dfe 38<\/td><td>GUD<\/td><\/tr><tr><td>Thewes Simon<\/td><td>Flurstra\u00dfe 67<\/td><td>GUD<\/td><\/tr><tr><td>Stark Sandra-Anna<\/td><td>Am M\u00fchlenberg 25<\/td><td>CDU<\/td><\/tr><tr><td>Kirsch Lisa<\/td><td>Zur Homesm\u00fchle 27<\/td><td>CDU<\/td><\/tr><tr><td>Hempel Peter<\/td><td>Am M\u00fchlenberg 27<\/td><td>SPD<\/td><\/tr><tr><td>Bohlen Thomas<\/td><td>Flurstra\u00dfe 26<\/td><td>SPD<\/td><\/tr><tr><td>Sch\u00fctz Lucia<\/td><td>Flurstra\u00dfe 21<\/td><td>SPD<\/td><\/tr><tr><td><strong>Nickolai <\/strong><strong>Josef<\/strong><\/td><td><strong>Zur Flitsch 10<\/strong><\/td><td>SPD<\/td><\/tr><tr><td>Willms Leo<\/td><td>Auf der Acht 10<\/td><td>SPD<\/td><\/tr><\/tbody><\/table><\/figure>\n\n\n\n<p><strong>Allgemeine Kommunalwahlen<\/strong><\/p>\n\n\n\n<p>Die n\u00e4chsten allgemeinen Kommunalwahlen finden <strong>2029<\/strong> statt.<\/p>\n\n\n\n<p><strong>Direktwahlen<\/strong><\/p>\n\n\n\n<p>Der Wahltag wird von der obersten Kommunalaufsichtsbeh\u00f6rde (<a href=\"https:\/\/www.saarland.de\/mibs\/DE\/portale\/kommunales\/home\" target=\"_blank\" rel=\"noreferrer noopener\">Ministerium f\u00fcr Inneres, Bauen und Sport<\/a>) im Benehmen mit der betroffenen Gemeinde, dem betroffenen Landkreis oder dem Regionalverband festgesetzt und anschlie\u00dfend bekannt gemacht.<\/p>\n\n\n\n<p>Alle Termine finden Sie unter <a href=\"https:\/\/www.saarland.de\/landeswahlleiterin\/home\/startseite_elemente\/wahltermine_artikel\">Wahltermine<\/a>.<\/p>\n<div class=\"shariff shariff-align-flex-start shariff-widget-align-flex-start\"><ul class=\"shariff-buttons theme-round orientation-horizontal buttonsize-medium\"><li class=\"shariff-button mailto shariff-nocustomcolor\" style=\"background-color:#a8a8a8\"><a href=\"mailto:?body=https%3A%2F%2Funser-aschbach.de%2Fstaging2025%2Funser-ort%2Fortsvorsteher-und-ortsrat%2F&subject=Ortsrat%20und%20Ortsvorsteher\" title=\"Per E-Mail versenden\" aria-label=\"Per E-Mail versenden\" role=\"button\" rel=\"noopener nofollow\" class=\"shariff-link\" style=\"; background-color:#999; color:#fff\"><span class=\"shariff-icon\" style=\"\"><svg width=\"32px\" height=\"20px\" xmlns=\"http:\/\/www.w3.org\/2000\/svg\" viewBox=\"0 0 32 32\"><path fill=\"#999\" d=\"M32 12.7v14.2q0 1.2-0.8 2t-2 0.9h-26.3q-1.2 0-2-0.9t-0.8-2v-14.2q0.8 0.9 1.8 1.6 6.5 4.4 8.9 6.1 1 0.8 1.6 1.2t1.7 0.9 2 0.4h0.1q0.9 0 2-0.4t1.7-0.9 1.6-1.2q3-2.2 8.9-6.1 1-0.7 1.8-1.6zM32 7.4q0 1.4-0.9 2.7t-2.2 2.2q-6.7 4.7-8.4 5.8-0.2 0.1-0.7 0.5t-1 0.7-0.9 0.6-1.1 0.5-0.9 0.2h-0.1q-0.4 0-0.9-0.2t-1.1-0.5-0.9-0.6-1-0.7-0.7-0.5q-1.6-1.1-4.7-3.2t-3.6-2.6q-1.1-0.7-2.1-2t-1-2.5q0-1.4 0.7-2.3t2.1-0.9h26.3q1.2 0 2 0.8t0.9 2z\"\/><\/svg><\/span><\/a><\/li><li class=\"shariff-button facebook shariff-nocustomcolor\" style=\"background-color:#4273c8\"><a href=\"https:\/\/www.facebook.com\/sharer\/sharer.php?u=https%3A%2F%2Funser-aschbach.de%2Fstaging2025%2Funser-ort%2Fortsvorsteher-und-ortsrat%2F\" title=\"Bei Facebook teilen\" aria-label=\"Bei Facebook teilen\" role=\"button\" rel=\"nofollow\" class=\"shariff-link\" style=\"; background-color:#3b5998; color:#fff\" target=\"_blank\"><span class=\"shariff-icon\" style=\"\"><svg width=\"32px\" height=\"20px\" xmlns=\"http:\/\/www.w3.org\/2000\/svg\" viewBox=\"0 0 18 32\"><path fill=\"#3b5998\" d=\"M17.1 0.2v4.7h-2.8q-1.5 0-2.1 0.6t-0.5 1.9v3.4h5.2l-0.7 5.3h-4.5v13.6h-5.5v-13.6h-4.5v-5.3h4.5v-3.9q0-3.3 1.9-5.2t5-1.8q2.6 0 4.1 0.2z\"\/><\/svg><\/span><\/a><\/li><li class=\"shariff-button whatsapp shariff-nocustomcolor\" style=\"background-color:#5cbe4a\"><a href=\"https:\/\/api.whatsapp.com\/send?text=https%3A%2F%2Funser-aschbach.de%2Fstaging2025%2Funser-ort%2Fortsvorsteher-und-ortsrat%2F%20Ortsrat%20und%20Ortsvorsteher\" title=\"Bei Whatsapp teilen\" aria-label=\"Bei Whatsapp teilen\" role=\"button\" rel=\"noopener nofollow\" class=\"shariff-link\" style=\"; background-color:#34af23; color:#fff\" target=\"_blank\"><span class=\"shariff-icon\" style=\"\"><svg width=\"32px\" height=\"20px\" xmlns=\"http:\/\/www.w3.org\/2000\/svg\" viewBox=\"0 0 32 32\"><path fill=\"#34af23\" d=\"M17.6 17.4q0.2 0 1.7 0.8t1.6 0.9q0 0.1 0 0.3 0 0.6-0.3 1.4-0.3 0.7-1.3 1.2t-1.8 0.5q-1 0-3.4-1.1-1.7-0.8-3-2.1t-2.6-3.3q-1.3-1.9-1.3-3.5v-0.1q0.1-1.6 1.3-2.8 0.4-0.4 0.9-0.4 0.1 0 0.3 0t0.3 0q0.3 0 0.5 0.1t0.3 0.5q0.1 0.4 0.6 1.6t0.4 1.3q0 0.4-0.6 1t-0.6 0.8q0 0.1 0.1 0.3 0.6 1.3 1.8 2.4 1 0.9 2.7 1.8 0.2 0.1 0.4 0.1 0.3 0 1-0.9t0.9-0.9zM14 26.9q2.3 0 4.3-0.9t3.6-2.4 2.4-3.6 0.9-4.3-0.9-4.3-2.4-3.6-3.6-2.4-4.3-0.9-4.3 0.9-3.6 2.4-2.4 3.6-0.9 4.3q0 3.6 2.1 6.6l-1.4 4.2 4.3-1.4q2.8 1.9 6.2 1.9zM14 2.2q2.7 0 5.2 1.1t4.3 2.9 2.9 4.3 1.1 5.2-1.1 5.2-2.9 4.3-4.3 2.9-5.2 1.1q-3.5 0-6.5-1.7l-7.4 2.4 2.4-7.2q-1.9-3.2-1.9-6.9 0-2.7 1.1-5.2t2.9-4.3 4.3-2.9 5.2-1.1z\"\/><\/svg><\/span><\/a><\/li><\/ul><\/div>","protected":false},"excerpt":{"rendered":"<p>Ortsvorsteher\/in Stellvertreter\/in Josef Nickolai Leo Willms Zusammensetzung des Ortsrats Name Anschrift Partei Uhrhan Klaus Dieter Flurstra\u00dfe 38 GUD Thewes Simon Flurstra\u00dfe 67 GUD Stark Sandra-Anna Am M\u00fchlenberg 25 CDU Kirsch Lisa Zur Homesm\u00fchle 27 CDU Hempel Peter Am M\u00fchlenberg 27 SPD Bohlen Thomas Flurstra\u00dfe 26 SPD Sch\u00fctz Lucia Flurstra\u00dfe 21 SPD Nickolai Josef Zur Flitsch&#8230;<\/p>\n<p> <a class=\"continue-reading-link\" href=\"https:\/\/unser-aschbach.de\/staging2025\/unser-ort\/ortsvorsteher-und-ortsrat\/\"><span>weiterlesen<\/span><i class=\"crycon-right-dir\"><\/i><\/a> <\/p>\n","protected":false},"author":1,"featured_media":0,"parent":82,"menu_order":1,"comment_status":"open","ping_status":"closed","template":"","meta":{"jetpack_post_was_ever_published":false,"footnotes":""},"class_list":["post-354","page","type-page","status-publish","hentry"],"jetpack_shortlink":"https:\/\/wp.me\/PggZrZ-5I","jetpack-related-posts":[{"id":37,"url":"https:\/\/unser-aschbach.de\/staging2025\/impressum-2\/","url_meta":{"origin":354,"position":0},"title":"Impressum","author":"Someone","date":"20. Oktober 2014","format":false,"excerpt":"Angaben gem\u00e4\u00df \u00a7 5 TMG: Peter Hempelin Zusammenarbeit mit und im Auftrag des Ortsrats Aschbach Am M\u00fchlenberg 2766822 Lebach Kontakt:\u00a0kontakt@unser-aschbach.de Rechtshinweis: Die Betreiber von dieser Website pr\u00fcfen und aktualisieren die Informationen auf ihrer Website st\u00e4ndig. Trotz aller Sorgfalt k\u00f6nnen sich die Daten inzwischen ver\u00e4ndert haben. Eine Haftung oder Garantie f\u00fcr\u2026","rel":"","context":"\u00c4hnlicher Beitrag","block_context":{"text":"\u00c4hnlicher Beitrag","link":""},"img":{"alt_text":"","src":"","width":0,"height":0},"classes":[]},{"id":628,"url":"https:\/\/unser-aschbach.de\/staging2025\/veranstaltungen\/2015-2\/","url_meta":{"origin":354,"position":1},"title":"2015","author":"Someone","date":"18. Dezember 2014","format":false,"excerpt":"\u00a0 Mit einem\u00a0Doppelklick auf nachfolgenden Link \u00f6ffnet\u00a0sich\u00a0der Veranstaltungskalender f\u00fcr Aschbach f\u00fcr das\u00a0Jahr 2015. Der Veranstaltungskalender wurde von unserem Ortsvorsteher herausgegeben. Aschbacher Kalender 2015 aktualisiert","rel":"","context":"\u00c4hnlicher Beitrag","block_context":{"text":"\u00c4hnlicher Beitrag","link":""},"img":{"alt_text":"","src":"","width":0,"height":0},"classes":[]},{"id":1590,"url":"https:\/\/unser-aschbach.de\/staging2025\/2016-2\/","url_meta":{"origin":354,"position":2},"title":"2016","author":"Someone","date":"13. Dezember 2015","format":false,"excerpt":"\u00a0 Aschbacher Kalender 2016 \u00a0 \u00a0 \u00a0 \u00a0 \u00a0 \u00a0 \u00a0 \u00a0 Mit einem\u00a0Doppelklick auf nachfolgenden Link \u00f6ffnet\u00a0sich\u00a0der Veranstaltungskalender f\u00fcr Aschbach f\u00fcr das\u00a0Jahr 2016. Der Veranstaltungskalender wurde von unserem Ortsvorsteher herausgegeben. Aschbacher Kalender 2016 A4-Format Seite 1","rel":"","context":"\u00c4hnlicher Beitrag","block_context":{"text":"\u00c4hnlicher Beitrag","link":""},"img":{"alt_text":"Wappen von Aschbach","src":"https:\/\/i0.wp.com\/unser-aschbach.de\/staging2025\/wp-content\/uploads\/2015\/12\/Wappen-von-Aschbach-e1450015509577.jpg?resize=350%2C200&ssl=1","width":350,"height":200},"classes":[]},{"id":82,"url":"https:\/\/unser-aschbach.de\/staging2025\/unser-ort\/","url_meta":{"origin":354,"position":3},"title":"Unser Ort","author":"Someone","date":"23. Oktober 2014","format":false,"excerpt":"Willkommen in Aschbach! Aschbach ist ein Stadtteil von Lebach und liegt im Saarland, dem kleinsten Fl\u00e4chenbundesland Deutschlands.Diese Seite soll dazu dienen, Einheimische, \"Auswanderer\" und andere Besucher mit allgemeinen und aktuellen Informationen rund um Aschbach zu versorgen. Geographische Lage Aschbach liegt geographisch\u00a0zwar nicht exakt, aber ann\u00e4hernd genau\u00a0in der Mitte des Saarlandes\u2026","rel":"","context":"\u00c4hnlicher Beitrag","block_context":{"text":"\u00c4hnlicher Beitrag","link":""},"img":{"alt_text":"","src":"https:\/\/i0.wp.com\/unser-aschbach.de\/staging2025\/wp-content\/uploads\/2014\/10\/A260013.jpg?resize=350%2C200&ssl=1","width":350,"height":200,"srcset":"https:\/\/i0.wp.com\/unser-aschbach.de\/staging2025\/wp-content\/uploads\/2014\/10\/A260013.jpg?resize=350%2C200&ssl=1 1x, https:\/\/i0.wp.com\/unser-aschbach.de\/staging2025\/wp-content\/uploads\/2014\/10\/A260013.jpg?resize=525%2C300&ssl=1 1.5x, https:\/\/i0.wp.com\/unser-aschbach.de\/staging2025\/wp-content\/uploads\/2014\/10\/A260013.jpg?resize=700%2C400&ssl=1 2x, https:\/\/i0.wp.com\/unser-aschbach.de\/staging2025\/wp-content\/uploads\/2014\/10\/A260013.jpg?resize=1050%2C600&ssl=1 3x"},"classes":[]},{"id":493,"url":"https:\/\/unser-aschbach.de\/staging2025\/fotoalbum\/ortsansichten-im-oktober-2014-2\/","url_meta":{"origin":354,"position":4},"title":"Ortsansichten im Oktober 2014","author":"Someone","date":"2. Dezember 2014","format":false,"excerpt":"Die Bilder dieser Galerie wurden im Oktober 2014 bei einem Spaziergang \u00fcber die Br\u00fcmburgstra\u00dfe zum Sassenwald aufgenommen. \u00a0 Von der Hohen Birk auf dem Hetschberg hat man einen sch\u00f6nen Blick auf die andere Seite von Aschbach bzw. den Henselhofen. (Fotos: Hildegard Gro\u00df) (Fotos: Hildegard Gro\u00df)","rel":"","context":"\u00c4hnlicher Beitrag","block_context":{"text":"\u00c4hnlicher Beitrag","link":""},"img":{"alt_text":"","src":"https:\/\/i0.wp.com\/unser-aschbach.de\/staging2025\/wp-content\/uploads\/2014\/11\/Auf-dem-Stein1.jpg?resize=350%2C200","width":350,"height":200,"srcset":"https:\/\/i0.wp.com\/unser-aschbach.de\/staging2025\/wp-content\/uploads\/2014\/11\/Auf-dem-Stein1.jpg?resize=350%2C200 1x, https:\/\/i0.wp.com\/unser-aschbach.de\/staging2025\/wp-content\/uploads\/2014\/11\/Auf-dem-Stein1.jpg?resize=525%2C300 1.5x, https:\/\/i0.wp.com\/unser-aschbach.de\/staging2025\/wp-content\/uploads\/2014\/11\/Auf-dem-Stein1.jpg?resize=700%2C400 2x, https:\/\/i0.wp.com\/unser-aschbach.de\/staging2025\/wp-content\/uploads\/2014\/11\/Auf-dem-Stein1.jpg?resize=1050%2C600 3x"},"classes":[]}],"jetpack_sharing_enabled":true,"_links":{"self":[{"href":"https:\/\/unser-aschbach.de\/staging2025\/wp-json\/wp\/v2\/pages\/354","targetHints":{"allow":["GET"]}}],"collection":[{"href":"https:\/\/unser-aschbach.de\/staging2025\/wp-json\/wp\/v2\/pages"}],"about":[{"href":"https:\/\/unser-aschbach.de\/staging2025\/wp-json\/wp\/v2\/types\/page"}],"author":[{"embeddable":true,"href":"https:\/\/unser-aschbach.de\/staging2025\/wp-json\/wp\/v2\/users\/1"}],"replies":[{"embeddable":true,"href":"https:\/\/unser-aschbach.de\/staging2025\/wp-json\/wp\/v2\/comments?post=354"}],"version-history":[{"count":14,"href":"https:\/\/unser-aschbach.de\/staging2025\/wp-json\/wp\/v2\/pages\/354\/revisions"}],"predecessor-version":[{"id":5710,"href":"https:\/\/unser-aschbach.de\/staging2025\/wp-json\/wp\/v2\/pages\/354\/revisions\/5710"}],"up":[{"embeddable":true,"href":"https:\/\/unser-aschbach.de\/staging2025\/wp-json\/wp\/v2\/pages\/82"}],"wp:attachment":[{"href":"https:\/\/unser-aschbach.de\/staging2025\/wp-json\/wp\/v2\/media?parent=354"}],"curies":[{"name":"wp","href":"https:\/\/api.w.org\/{rel}","templated":true}]}}