{"id":3091,"date":"2018-12-23T20:43:38","date_gmt":"2018-12-23T19:43:38","guid":{"rendered":"https:\/\/unser-aschbach.de\/staging2025\/?page_id=3091"},"modified":"2018-12-29T13:11:20","modified_gmt":"2018-12-29T12:11:20","slug":"ueber-das-telefonieren","status":"publish","type":"page","link":"https:\/\/unser-aschbach.de\/staging2025\/wie-war-das-noch-damals\/ueber-das-telefonieren\/","title":{"rendered":"\u00dcber das Telefonieren"},"content":{"rendered":"\n<p style=\"background-color:#fff12c\" class=\"has-text-color has-background has-drop-cap has-very-dark-gray-color\">Die Poststellen, es gab sie damals noch in jedem Ort, waren die offiziellen Anlaufstellen zum Telefonieren. Man meldete am Postschalter ein Gespr\u00e4ch an, bekam dann eine Telefonzelle zugeteilt, und f\u00fchrte&nbsp; sein Telefonat.<\/p>\n\n\n\n<p>Dar\u00fcberhinaus gab es einige Haushalte in Aschbach- meist Gesch\u00e4ftsleute &#8211; , die schon einen eigenen Telefonanschluss besa\u00dfen.&nbsp; Wenn sie erlaubten, dass Nachbarn, Freunde, Bekannte ihren Telefonanschluss nutzten, war das Telefon&nbsp; meist mit einem Geb\u00fchrenz\u00e4hler ausgestattet.&nbsp; Im Bedarfsfall schaltete der Anschlussinhaber das Telefon f\u00fcr den Nutzer frei. Die Uhr lief. Man unterschied zwischen Orts- und Ferngespr\u00e4chen im Inland. Ortsgespr\u00e4che waren die Anschl\u00fcsse, die man ohne Vorwahl erreichen konnte; alle Anrufe mit Vorwahl und Rufnummer waren Ferngespr\u00e4che. F\u00fcr Auslandstelefonate musste man zum n\u00e4chst gelegenen Postamt gehen.&nbsp; Oft hatte&nbsp; der gew\u00fcnschte Gespr\u00e4chspartner auch keinen eigenen Telefonanschluss.&nbsp; &nbsp;Dann rief man \u2013 nat\u00fcrlich nur in ganz dringenden F\u00e4llen \u2013 in dessen Nachbarschaft an und richtete etwas f\u00fcr die Person aus. Das setzte allerdings eine intakte Nachbarschaft voraus.<\/p>\n\n\n\n<p>Ein Telefongespr\u00e4ch im&nbsp; Ortsnetz &#8211; also ohne Vorwahl kostete 20 Pfennig (ca 0,10 Cent), egal, wie lange man telefonierte.&nbsp; Ein Ferngespr\u00e4ch kostete pro Minute ca. 20 Pfennig. Seit Anfang&nbsp; der siebziger Jahre des vorigen Jahrhunderts hatten dann die Mehrzahl der Haushalte einen eigenen Telefonanschluss.&nbsp; Die monatliche Grundgeb\u00fchr betrug rund 30,00 DM, zuz\u00fcglich die Kosten f\u00fcr die Anzahl der telefonierten Einheiten. Damals wusste niemand, was eine Flat ist.<\/p>\n\n\n\n<div class=\"wp-block-image\"><figure class=\"alignleft is-resized\"><img data-recalc-dims=\"1\" decoding=\"async\" src=\"https:\/\/i0.wp.com\/unser-aschbach.de\/staging2025\/wp-content\/uploads\/2018\/12\/Telefonzelle_Bearbeitet.jpg?resize=224%2C162&#038;ssl=1\" alt=\"Dieses Bild hat ein leeres Alt-Attribut. Der Dateiname ist Telefonzelle_Bearbeitet.jpg\" width=\"224\" height=\"162\"\/><\/figure><\/div>\n\n\n\n<p><\/p><p>Anfang der Siebziger Jahre wurde in Aschbach auf dem Marktplatz eine gelbe Telefonzelle aufgestellt. Was f\u00fcr eine Errungenschaft!\u00a0 Zum Telefonieren hob man den H\u00f6rer ab und warf dann Geldst\u00fccke &#8211; meist 10 Pfennig St\u00fccke in einen M\u00fcnzeinwurf. F\u00fchrte man ein Ferngespr\u00e4ch, musste man immer darauf achten, dass man ausreichend Kleingeld zur Verf\u00fcgung hatte. War das Geld im M\u00fcnzfach &#8222;abtelefoniert&#8220; wurde die Verbindung beendet. Es konnte schon mal stressig\u00a0 werden, wenn andere vor der Telefonzelle warteten, um auch zu telefonieren und dabei gelegentlich durch Klopfen an die Glasscheiben ihren Unmut zum Ausdruck brachten. Gro\u00dfer Beliebtheit erfreuten sich diese gelben Telefonzellen in Urlaubsgebieten. Dort bildeten sich abends vor den Telefonzellen oft lange Schlangen, weil die Urlauber den Daheim Gebliebenen\u00a0 mitteilen wollten&#8230; &#8222;sind gut angekommen&#8220;, &#8222;alles super&#8220;, &#8222;sch\u00f6nes Wetter&#8220;, &#8222;tolles Hotel\u2026..&#8220;; die Post als Monopolist verdiente ein Verm\u00f6gen.\u00a0<\/p>\n\n\n\n<p><\/p><p><\/p><p> Die Telefonzellen wurden mit der Zeit technisch immer ausgereifter. Telefonkarten ersetzten z.B. das Kleingeld. Das optische Erscheinungsbild wurde modernisiert. &nbsp;Durch den Siegeszug von Handy und Smartphone wurden die  \u00f6ffentlichen Fernsprecher mit der Zeit jedoch \u00fcberfl\u00fcssig und nach und nach zur\u00fcck gebaut. Wann die gelbe Telefonzelle auf dem Marktplatz abgebaut wurde, weiss ich nicht genau. <\/p>\n\n\n\n<figure class=\"wp-block-image\"><img data-recalc-dims=\"1\" decoding=\"async\" width=\"300\" height=\"200\" data-attachment-id=\"3159\" data-permalink=\"https:\/\/unser-aschbach.de\/staging2025\/wie-war-das-noch-damals\/ueber-das-telefonieren\/letzte-telefonzelle\/\" data-orig-file=\"https:\/\/i0.wp.com\/unser-aschbach.de\/staging2025\/wp-content\/uploads\/2018\/12\/letzte-Telefonzelle.jpg?fit=686%2C457&amp;ssl=1\" data-orig-size=\"686,457\" data-comments-opened=\"1\" data-image-meta=\"{&quot;aperture&quot;:&quot;9&quot;,&quot;credit&quot;:&quot;&quot;,&quot;camera&quot;:&quot;NIKON D70&quot;,&quot;caption&quot;:&quot;&quot;,&quot;created_timestamp&quot;:&quot;1362236437&quot;,&quot;copyright&quot;:&quot;&quot;,&quot;focal_length&quot;:&quot;40&quot;,&quot;iso&quot;:&quot;0&quot;,&quot;shutter_speed&quot;:&quot;0.003125&quot;,&quot;title&quot;:&quot;&quot;,&quot;orientation&quot;:&quot;1&quot;}\" data-image-title=\"letzte Telefonzelle\" data-image-description=\"\" data-image-caption=\"\" data-medium-file=\"https:\/\/i0.wp.com\/unser-aschbach.de\/staging2025\/wp-content\/uploads\/2018\/12\/letzte-Telefonzelle.jpg?fit=300%2C200&amp;ssl=1\" data-large-file=\"https:\/\/i0.wp.com\/unser-aschbach.de\/staging2025\/wp-content\/uploads\/2018\/12\/letzte-Telefonzelle.jpg?fit=686%2C457&amp;ssl=1\" src=\"https:\/\/i0.wp.com\/unser-aschbach.de\/staging2025\/wp-content\/uploads\/2018\/12\/letzte-Telefonzelle.jpg?resize=300%2C200&#038;ssl=1\" alt=\"Es gab dann noch einige Zeit dieses &quot;Freiluft&quot; Telefon an der Haltestelle &quot;Aschbach Schule&quot; in der Koblenzer Stra\u00dfe. Aber auch das ist mittlerweile Vergangenheit.\" class=\"wp-image-3159\" srcset=\"https:\/\/i0.wp.com\/unser-aschbach.de\/staging2025\/wp-content\/uploads\/2018\/12\/letzte-Telefonzelle.jpg?resize=300%2C200&amp;ssl=1 300w, https:\/\/i0.wp.com\/unser-aschbach.de\/staging2025\/wp-content\/uploads\/2018\/12\/letzte-Telefonzelle.jpg?w=686&amp;ssl=1 686w\" sizes=\"(max-width: 300px) 100vw, 300px\" \/><figcaption>Dies ist der letzte \u00f6ffentliche &#8222;Freiluft&#8220;Fernsprecher in Aschbach . Er stand an der Haltestelle &#8222;Aschbach, Schule&#8220; in der Koblenzer Stra\u00dfe. Aber auch der ist Vergangenheit. Das Foto stammt aus dem Bildarchiv des Historischen Vereins Aschbach. <br \/><br \/> <\/figcaption><\/figure>\n<div class=\"shariff shariff-align-flex-start shariff-widget-align-flex-start\"><ul class=\"shariff-buttons theme-round orientation-horizontal buttonsize-medium\"><li class=\"shariff-button mailto shariff-nocustomcolor\" style=\"background-color:#a8a8a8\"><a href=\"mailto:?body=https%3A%2F%2Funser-aschbach.de%2Fstaging2025%2Fwie-war-das-noch-damals%2Fueber-das-telefonieren%2F&subject=%C3%9Cber%20das%20Telefonieren\" title=\"Per E-Mail versenden\" aria-label=\"Per E-Mail versenden\" role=\"button\" rel=\"noopener nofollow\" class=\"shariff-link\" style=\"; background-color:#999; color:#fff\"><span class=\"shariff-icon\" style=\"\"><svg width=\"32px\" height=\"20px\" xmlns=\"http:\/\/www.w3.org\/2000\/svg\" viewBox=\"0 0 32 32\"><path fill=\"#999\" d=\"M32 12.7v14.2q0 1.2-0.8 2t-2 0.9h-26.3q-1.2 0-2-0.9t-0.8-2v-14.2q0.8 0.9 1.8 1.6 6.5 4.4 8.9 6.1 1 0.8 1.6 1.2t1.7 0.9 2 0.4h0.1q0.9 0 2-0.4t1.7-0.9 1.6-1.2q3-2.2 8.9-6.1 1-0.7 1.8-1.6zM32 7.4q0 1.4-0.9 2.7t-2.2 2.2q-6.7 4.7-8.4 5.8-0.2 0.1-0.7 0.5t-1 0.7-0.9 0.6-1.1 0.5-0.9 0.2h-0.1q-0.4 0-0.9-0.2t-1.1-0.5-0.9-0.6-1-0.7-0.7-0.5q-1.6-1.1-4.7-3.2t-3.6-2.6q-1.1-0.7-2.1-2t-1-2.5q0-1.4 0.7-2.3t2.1-0.9h26.3q1.2 0 2 0.8t0.9 2z\"\/><\/svg><\/span><\/a><\/li><li class=\"shariff-button facebook shariff-nocustomcolor\" style=\"background-color:#4273c8\"><a href=\"https:\/\/www.facebook.com\/sharer\/sharer.php?u=https%3A%2F%2Funser-aschbach.de%2Fstaging2025%2Fwie-war-das-noch-damals%2Fueber-das-telefonieren%2F\" title=\"Bei Facebook teilen\" aria-label=\"Bei Facebook teilen\" role=\"button\" rel=\"nofollow\" class=\"shariff-link\" style=\"; background-color:#3b5998; color:#fff\" target=\"_blank\"><span class=\"shariff-icon\" style=\"\"><svg width=\"32px\" height=\"20px\" xmlns=\"http:\/\/www.w3.org\/2000\/svg\" viewBox=\"0 0 18 32\"><path fill=\"#3b5998\" d=\"M17.1 0.2v4.7h-2.8q-1.5 0-2.1 0.6t-0.5 1.9v3.4h5.2l-0.7 5.3h-4.5v13.6h-5.5v-13.6h-4.5v-5.3h4.5v-3.9q0-3.3 1.9-5.2t5-1.8q2.6 0 4.1 0.2z\"\/><\/svg><\/span><\/a><\/li><li class=\"shariff-button whatsapp shariff-nocustomcolor\" style=\"background-color:#5cbe4a\"><a href=\"https:\/\/api.whatsapp.com\/send?text=https%3A%2F%2Funser-aschbach.de%2Fstaging2025%2Fwie-war-das-noch-damals%2Fueber-das-telefonieren%2F%20%C3%9Cber%20das%20Telefonieren\" title=\"Bei Whatsapp teilen\" aria-label=\"Bei Whatsapp teilen\" role=\"button\" rel=\"noopener nofollow\" class=\"shariff-link\" style=\"; background-color:#34af23; color:#fff\" target=\"_blank\"><span class=\"shariff-icon\" style=\"\"><svg width=\"32px\" height=\"20px\" xmlns=\"http:\/\/www.w3.org\/2000\/svg\" viewBox=\"0 0 32 32\"><path fill=\"#34af23\" d=\"M17.6 17.4q0.2 0 1.7 0.8t1.6 0.9q0 0.1 0 0.3 0 0.6-0.3 1.4-0.3 0.7-1.3 1.2t-1.8 0.5q-1 0-3.4-1.1-1.7-0.8-3-2.1t-2.6-3.3q-1.3-1.9-1.3-3.5v-0.1q0.1-1.6 1.3-2.8 0.4-0.4 0.9-0.4 0.1 0 0.3 0t0.3 0q0.3 0 0.5 0.1t0.3 0.5q0.1 0.4 0.6 1.6t0.4 1.3q0 0.4-0.6 1t-0.6 0.8q0 0.1 0.1 0.3 0.6 1.3 1.8 2.4 1 0.9 2.7 1.8 0.2 0.1 0.4 0.1 0.3 0 1-0.9t0.9-0.9zM14 26.9q2.3 0 4.3-0.9t3.6-2.4 2.4-3.6 0.9-4.3-0.9-4.3-2.4-3.6-3.6-2.4-4.3-0.9-4.3 0.9-3.6 2.4-2.4 3.6-0.9 4.3q0 3.6 2.1 6.6l-1.4 4.2 4.3-1.4q2.8 1.9 6.2 1.9zM14 2.2q2.7 0 5.2 1.1t4.3 2.9 2.9 4.3 1.1 5.2-1.1 5.2-2.9 4.3-4.3 2.9-5.2 1.1q-3.5 0-6.5-1.7l-7.4 2.4 2.4-7.2q-1.9-3.2-1.9-6.9 0-2.7 1.1-5.2t2.9-4.3 4.3-2.9 5.2-1.1z\"\/><\/svg><\/span><\/a><\/li><\/ul><\/div>","protected":false},"excerpt":{"rendered":"<p>Die Poststellen, es gab sie damals noch in jedem Ort, waren die offiziellen Anlaufstellen zum Telefonieren. Man meldete am Postschalter ein Gespr\u00e4ch an, bekam dann eine Telefonzelle zugeteilt, und f\u00fchrte&nbsp; sein Telefonat. Dar\u00fcberhinaus gab es einige Haushalte in Aschbach- meist Gesch\u00e4ftsleute &#8211; , die schon einen eigenen Telefonanschluss besa\u00dfen.&nbsp; Wenn sie erlaubten, dass Nachbarn, Freunde,&#8230;<\/p>\n<p> <a class=\"continue-reading-link\" href=\"https:\/\/unser-aschbach.de\/staging2025\/wie-war-das-noch-damals\/ueber-das-telefonieren\/\"><span>weiterlesen<\/span><i class=\"crycon-right-dir\"><\/i><\/a> <\/p>\n","protected":false},"author":1,"featured_media":3159,"parent":2415,"menu_order":0,"comment_status":"closed","ping_status":"closed","template":"","meta":{"jetpack_post_was_ever_published":false,"footnotes":""},"class_list":["post-3091","page","type-page","status-publish","has-post-thumbnail","hentry"],"jetpack_shortlink":"https:\/\/wp.me\/PggZrZ-NR","jetpack-related-posts":[{"id":2905,"url":"https:\/\/unser-aschbach.de\/staging2025\/wie-war-das-noch-damals\/waehrungen-in-unserem-ort-nach-dem-2-weltkrieg\/","url_meta":{"origin":3091,"position":0},"title":"W\u00e4hrungen in unserem Ort nach dem 2. Weltkrieg","author":"Someone","date":"10. Dezember 2018","format":false,"excerpt":"Eines der ersten Ereignisse, an das ich mich heute noch sehr gut erinnern kann, war im Jahr 1959 die Umstellung der damaligen W\u00e4hrung \"franz\u00f6sische Franc\" auf die D-Mark im Jahr 1959. F\u00fcr mich waren die neuen M\u00fcnzen\u00a0 - so meine Erinnerung-\u00a0 viel sch\u00f6ner, schwerer, gl\u00e4nzender - kurzum wertvoller als die\u00a0\u2026","rel":"","context":"\u00c4hnlicher Beitrag","block_context":{"text":"\u00c4hnlicher Beitrag","link":""},"img":{"alt_text":"","src":"","width":0,"height":0},"classes":[]},{"id":2415,"url":"https:\/\/unser-aschbach.de\/staging2025\/wie-war-das-noch-damals\/","url_meta":{"origin":3091,"position":1},"title":"Wie war das noch damals?","author":"Someone","date":"23. Dezember 2018","format":false,"excerpt":"Diese neue Seite auf unserer Website m\u00f6chte ich nach und nach mit Erinnerungen an die sp\u00e4ten f\u00fcnfziger Jahre sowie die sechziger Jahre\u00a0 des vorigen Jahrhunderts f\u00fcllen.\u00a0 Es sind meist subjektive Berichte, wahrgenommen als Kind\u00a0 und so wiedergegeben, wie sie mir heute noch in Erinnerung sind. Gerne nehme ich Korrekturen und\u2026","rel":"","context":"\u00c4hnlicher Beitrag","block_context":{"text":"\u00c4hnlicher Beitrag","link":""},"img":{"alt_text":"","src":"https:\/\/i0.wp.com\/unser-aschbach.de\/staging2025\/wp-content\/uploads\/2014\/12\/Aschbach-1946_bearbeitet.jpg?fit=1200%2C781&ssl=1&resize=350%2C200","width":350,"height":200,"srcset":"https:\/\/i0.wp.com\/unser-aschbach.de\/staging2025\/wp-content\/uploads\/2014\/12\/Aschbach-1946_bearbeitet.jpg?fit=1200%2C781&ssl=1&resize=350%2C200 1x, https:\/\/i0.wp.com\/unser-aschbach.de\/staging2025\/wp-content\/uploads\/2014\/12\/Aschbach-1946_bearbeitet.jpg?fit=1200%2C781&ssl=1&resize=525%2C300 1.5x, https:\/\/i0.wp.com\/unser-aschbach.de\/staging2025\/wp-content\/uploads\/2014\/12\/Aschbach-1946_bearbeitet.jpg?fit=1200%2C781&ssl=1&resize=700%2C400 2x, https:\/\/i0.wp.com\/unser-aschbach.de\/staging2025\/wp-content\/uploads\/2014\/12\/Aschbach-1946_bearbeitet.jpg?fit=1200%2C781&ssl=1&resize=1050%2C600 3x"},"classes":[]},{"id":354,"url":"https:\/\/unser-aschbach.de\/staging2025\/unser-ort\/ortsvorsteher-und-ortsrat\/","url_meta":{"origin":3091,"position":2},"title":"Ortsrat und Ortsvorsteher","author":"Someone","date":"13. November 2014","format":false,"excerpt":"Ortsvorsteher\/inStellvertreter\/inJosef NickolaiLeo Willms Zusammensetzung des Ortsrats NameAnschriftParteiUhrhan Klaus DieterFlurstra\u00dfe 38GUDThewes SimonFlurstra\u00dfe 67GUDStark Sandra-AnnaAm M\u00fchlenberg 25CDUKirsch LisaZur Homesm\u00fchle 27CDUHempel PeterAm M\u00fchlenberg 27SPDBohlen ThomasFlurstra\u00dfe 26SPDSch\u00fctz LuciaFlurstra\u00dfe 21SPDNickolai JosefZur Flitsch 10SPDWillms LeoAuf der Acht 10SPD Allgemeine Kommunalwahlen Die n\u00e4chsten allgemeinen Kommunalwahlen finden 2029 statt. Direktwahlen Der Wahltag wird von der obersten Kommunalaufsichtsbeh\u00f6rde (Ministerium\u2026","rel":"","context":"\u00c4hnlicher Beitrag","block_context":{"text":"\u00c4hnlicher Beitrag","link":""},"img":{"alt_text":"","src":"","width":0,"height":0},"classes":[]},{"id":82,"url":"https:\/\/unser-aschbach.de\/staging2025\/unser-ort\/","url_meta":{"origin":3091,"position":3},"title":"Unser Ort","author":"Someone","date":"23. Oktober 2014","format":false,"excerpt":"Willkommen in Aschbach! Aschbach ist ein Stadtteil von Lebach und liegt im Saarland, dem kleinsten Fl\u00e4chenbundesland Deutschlands.Diese Seite soll dazu dienen, Einheimische, \"Auswanderer\" und andere Besucher mit allgemeinen und aktuellen Informationen rund um Aschbach zu versorgen. Geographische Lage Aschbach liegt geographisch\u00a0zwar nicht exakt, aber ann\u00e4hernd genau\u00a0in der Mitte des Saarlandes\u2026","rel":"","context":"\u00c4hnlicher Beitrag","block_context":{"text":"\u00c4hnlicher Beitrag","link":""},"img":{"alt_text":"","src":"https:\/\/i0.wp.com\/unser-aschbach.de\/staging2025\/wp-content\/uploads\/2014\/10\/A260013.jpg?resize=350%2C200&ssl=1","width":350,"height":200,"srcset":"https:\/\/i0.wp.com\/unser-aschbach.de\/staging2025\/wp-content\/uploads\/2014\/10\/A260013.jpg?resize=350%2C200&ssl=1 1x, https:\/\/i0.wp.com\/unser-aschbach.de\/staging2025\/wp-content\/uploads\/2014\/10\/A260013.jpg?resize=525%2C300&ssl=1 1.5x, https:\/\/i0.wp.com\/unser-aschbach.de\/staging2025\/wp-content\/uploads\/2014\/10\/A260013.jpg?resize=700%2C400&ssl=1 2x, https:\/\/i0.wp.com\/unser-aschbach.de\/staging2025\/wp-content\/uploads\/2014\/10\/A260013.jpg?resize=1050%2C600&ssl=1 3x"},"classes":[]},{"id":1071,"url":"https:\/\/unser-aschbach.de\/staging2025\/historischer-verein-aschbach-2\/","url_meta":{"origin":3091,"position":4},"title":"Historischer Verein Aschbach","author":"Someone","date":"23. Februar 2015","format":false,"excerpt":"Gegr\u00fcndet wurde der Historische Verein Aschbach auf Initiative der Arbeitsgruppe Dorfgeschichte, die im Rahmen eines Projektes \"Dorfentwicklung\" ins Leben gerufen\u00a0\u00a0wurde. Die Gr\u00fcndungsversammlung fand am 11. Januar 2009 im Nebenraum des Gasthauses Bl\u00e4ttche statt. 21 Aschbacher B\u00fcrgerinnen und B\u00fcrger waren anwesend, von denen 17 dem Verein beitraten. Unter der Versammlungsleitung des\u2026","rel":"","context":"\u00c4hnlicher Beitrag","block_context":{"text":"\u00c4hnlicher Beitrag","link":""},"img":{"alt_text":"","src":"https:\/\/i0.wp.com\/unser-aschbach.de\/staging2025\/wp-content\/uploads\/2015\/02\/Messtischblatt-1843_1878-400-e1426532342275.jpg?fit=1200%2C385&ssl=1&resize=350%2C200","width":350,"height":200,"srcset":"https:\/\/i0.wp.com\/unser-aschbach.de\/staging2025\/wp-content\/uploads\/2015\/02\/Messtischblatt-1843_1878-400-e1426532342275.jpg?fit=1200%2C385&ssl=1&resize=350%2C200 1x, https:\/\/i0.wp.com\/unser-aschbach.de\/staging2025\/wp-content\/uploads\/2015\/02\/Messtischblatt-1843_1878-400-e1426532342275.jpg?fit=1200%2C385&ssl=1&resize=525%2C300 1.5x, https:\/\/i0.wp.com\/unser-aschbach.de\/staging2025\/wp-content\/uploads\/2015\/02\/Messtischblatt-1843_1878-400-e1426532342275.jpg?fit=1200%2C385&ssl=1&resize=700%2C400 2x, https:\/\/i0.wp.com\/unser-aschbach.de\/staging2025\/wp-content\/uploads\/2015\/02\/Messtischblatt-1843_1878-400-e1426532342275.jpg?fit=1200%2C385&ssl=1&resize=1050%2C600 3x"},"classes":[]},{"id":2590,"url":"https:\/\/unser-aschbach.de\/staging2025\/datenschutzerklaerung\/","url_meta":{"origin":3091,"position":5},"title":"Datenschutzerkl\u00e4rung","author":"Someone","date":"4. Juni 2018","format":false,"excerpt":"Wir freuen uns sehr \u00fcber Ihr Interesse an Aschbach!Datenschutz hat einen besonders hohen Stellenwert f\u00fcr uns. Deshalb kl\u00e4rt Sie diese Datenschutzerkl\u00e4rung ausf\u00fchrlich \u00fcber die Art, den Umfang und den Zweck von personenbezogenen Daten innerhalb unseres Online-Angebots auf.\u00a0 Zun\u00e4chst aber das Wichtigste:\u00a0 Eine Nutzung der Internetseiten der Dorfgemeinschaft Aschbach ist grunds\u00e4tzlich\u2026","rel":"","context":"\u00c4hnlicher Beitrag","block_context":{"text":"\u00c4hnlicher Beitrag","link":""},"img":{"alt_text":"","src":"","width":0,"height":0},"classes":[]}],"jetpack_sharing_enabled":true,"_links":{"self":[{"href":"https:\/\/unser-aschbach.de\/staging2025\/wp-json\/wp\/v2\/pages\/3091","targetHints":{"allow":["GET"]}}],"collection":[{"href":"https:\/\/unser-aschbach.de\/staging2025\/wp-json\/wp\/v2\/pages"}],"about":[{"href":"https:\/\/unser-aschbach.de\/staging2025\/wp-json\/wp\/v2\/types\/page"}],"author":[{"embeddable":true,"href":"https:\/\/unser-aschbach.de\/staging2025\/wp-json\/wp\/v2\/users\/1"}],"replies":[{"embeddable":true,"href":"https:\/\/unser-aschbach.de\/staging2025\/wp-json\/wp\/v2\/comments?post=3091"}],"version-history":[{"count":11,"href":"https:\/\/unser-aschbach.de\/staging2025\/wp-json\/wp\/v2\/pages\/3091\/revisions"}],"predecessor-version":[{"id":3319,"href":"https:\/\/unser-aschbach.de\/staging2025\/wp-json\/wp\/v2\/pages\/3091\/revisions\/3319"}],"up":[{"embeddable":true,"href":"https:\/\/unser-aschbach.de\/staging2025\/wp-json\/wp\/v2\/pages\/2415"}],"wp:featuredmedia":[{"embeddable":true,"href":"https:\/\/unser-aschbach.de\/staging2025\/wp-json\/wp\/v2\/media\/3159"}],"wp:attachment":[{"href":"https:\/\/unser-aschbach.de\/staging2025\/wp-json\/wp\/v2\/media?parent=3091"}],"curies":[{"name":"wp","href":"https:\/\/api.w.org\/{rel}","templated":true}]}}