{"id":1124,"date":"2015-03-12T20:55:51","date_gmt":"2015-03-12T19:55:51","guid":{"rendered":"https:\/\/unser-aschbach.de\/staging2025\/?page_id=1124"},"modified":"2015-03-12T20:55:51","modified_gmt":"2015-03-12T19:55:51","slug":"der-turnverein-1977-aschbach-e-v","status":"publish","type":"page","link":"https:\/\/unser-aschbach.de\/staging2025\/vereine-2\/der-turnverein-1977-aschbach-e-v\/","title":{"rendered":"Der Turnverein 1977 Aschbach e.V."},"content":{"rendered":"<p><strong><a href=\"https:\/\/i0.wp.com\/unser-aschbach.de\/staging2025\/wp-content\/uploads\/2015\/03\/Logo-Turnverein.jpg?ssl=1\"><img data-recalc-dims=\"1\" decoding=\"async\" data-attachment-id=\"1126\" data-permalink=\"https:\/\/unser-aschbach.de\/staging2025\/vereine-2\/der-turnverein-1977-aschbach-e-v\/logo-turnverein\/\" data-orig-file=\"https:\/\/i0.wp.com\/unser-aschbach.de\/staging2025\/wp-content\/uploads\/2015\/03\/Logo-Turnverein.jpg?fit=180%2C252&amp;ssl=1\" data-orig-size=\"180,252\" data-comments-opened=\"1\" data-image-meta=\"{&quot;aperture&quot;:&quot;0&quot;,&quot;credit&quot;:&quot;&quot;,&quot;camera&quot;:&quot;&quot;,&quot;caption&quot;:&quot;&quot;,&quot;created_timestamp&quot;:&quot;0&quot;,&quot;copyright&quot;:&quot;&quot;,&quot;focal_length&quot;:&quot;0&quot;,&quot;iso&quot;:&quot;0&quot;,&quot;shutter_speed&quot;:&quot;0&quot;,&quot;title&quot;:&quot;&quot;,&quot;orientation&quot;:&quot;0&quot;}\" data-image-title=\"Logo Turnverein\" data-image-description=\"\" data-image-caption=\"\" data-medium-file=\"https:\/\/i0.wp.com\/unser-aschbach.de\/staging2025\/wp-content\/uploads\/2015\/03\/Logo-Turnverein.jpg?fit=180%2C252&amp;ssl=1\" data-large-file=\"https:\/\/i0.wp.com\/unser-aschbach.de\/staging2025\/wp-content\/uploads\/2015\/03\/Logo-Turnverein.jpg?fit=180%2C252&amp;ssl=1\" class=\"alignleft size-full wp-image-1126\" src=\"https:\/\/i0.wp.com\/unser-aschbach.de\/staging2025\/wp-content\/uploads\/2015\/03\/Logo-Turnverein.jpg?resize=180%2C252&#038;ssl=1\" alt=\"Logo Turnverein\" width=\"180\" height=\"252\" \/><\/a>Der Turnverein 1977 Aschbach e.V. hei\u00dft Sie herzlich willkommen <\/strong><\/p>\n<p><strong>Informieren Sie sich \u00fcber unseren Verein und unsere aktuellen Sportangebote.<\/strong><\/p>\n<p><strong>Wir sind ein Breitensportverein f\u00fcr alle Altersgruppen. <\/strong><\/p>\n<p><strong>Bei uns gibt es nicht nur Kinder-, Frauen- und Seniorenturnen, sondern auch noch eine Menge mehr zu entdecken.<\/strong><\/p>\n<p><strong>Wir bieten V\u00f6lkerball, Schau- und Gardetanz, Wandern, Nordic Walking, Badminton, Gymnastik sowie Orientierungslauf. <\/strong><\/p>\n<p><strong><span style=\"text-decoration: underline;\">Seit 2014 neu Eltern-Kind-Turnen<\/span><\/strong><\/p>\n<p><strong>Weitere Angebote sind in Planung. Deshalb immer wieder einen Blick auf unsere Webseite (<\/strong><a href=\"https:\/\/www.TV1977Aschbach.mein-verein.de\"><strong>www.TV1977Aschbach.mein-verein.de<\/strong><\/a><strong>) werfen und sich informieren!<\/strong><\/p>\n<p><strong>Wir freuen uns auf Sie. Bis bald!<\/strong><\/p>\n<p>&nbsp;<\/p>\n<div class=\"shariff shariff-align-flex-start shariff-widget-align-flex-start\"><ul class=\"shariff-buttons theme-round orientation-horizontal buttonsize-medium\"><li class=\"shariff-button mailto shariff-nocustomcolor\" style=\"background-color:#a8a8a8\"><a href=\"mailto:?body=https%3A%2F%2Funser-aschbach.de%2Fstaging2025%2Fvereine-2%2Fder-turnverein-1977-aschbach-e-v%2F&subject=Der%20Turnverein%201977%20Aschbach%20e.V.\" title=\"Per E-Mail versenden\" aria-label=\"Per E-Mail versenden\" role=\"button\" rel=\"noopener nofollow\" class=\"shariff-link\" style=\"; background-color:#999; color:#fff\"><span class=\"shariff-icon\" style=\"\"><svg width=\"32px\" height=\"20px\" xmlns=\"http:\/\/www.w3.org\/2000\/svg\" viewBox=\"0 0 32 32\"><path fill=\"#999\" d=\"M32 12.7v14.2q0 1.2-0.8 2t-2 0.9h-26.3q-1.2 0-2-0.9t-0.8-2v-14.2q0.8 0.9 1.8 1.6 6.5 4.4 8.9 6.1 1 0.8 1.6 1.2t1.7 0.9 2 0.4h0.1q0.9 0 2-0.4t1.7-0.9 1.6-1.2q3-2.2 8.9-6.1 1-0.7 1.8-1.6zM32 7.4q0 1.4-0.9 2.7t-2.2 2.2q-6.7 4.7-8.4 5.8-0.2 0.1-0.7 0.5t-1 0.7-0.9 0.6-1.1 0.5-0.9 0.2h-0.1q-0.4 0-0.9-0.2t-1.1-0.5-0.9-0.6-1-0.7-0.7-0.5q-1.6-1.1-4.7-3.2t-3.6-2.6q-1.1-0.7-2.1-2t-1-2.5q0-1.4 0.7-2.3t2.1-0.9h26.3q1.2 0 2 0.8t0.9 2z\"\/><\/svg><\/span><\/a><\/li><li class=\"shariff-button facebook shariff-nocustomcolor\" style=\"background-color:#4273c8\"><a href=\"https:\/\/www.facebook.com\/sharer\/sharer.php?u=https%3A%2F%2Funser-aschbach.de%2Fstaging2025%2Fvereine-2%2Fder-turnverein-1977-aschbach-e-v%2F\" title=\"Bei Facebook teilen\" aria-label=\"Bei Facebook teilen\" role=\"button\" rel=\"nofollow\" class=\"shariff-link\" style=\"; background-color:#3b5998; color:#fff\" target=\"_blank\"><span class=\"shariff-icon\" style=\"\"><svg width=\"32px\" height=\"20px\" xmlns=\"http:\/\/www.w3.org\/2000\/svg\" viewBox=\"0 0 18 32\"><path fill=\"#3b5998\" d=\"M17.1 0.2v4.7h-2.8q-1.5 0-2.1 0.6t-0.5 1.9v3.4h5.2l-0.7 5.3h-4.5v13.6h-5.5v-13.6h-4.5v-5.3h4.5v-3.9q0-3.3 1.9-5.2t5-1.8q2.6 0 4.1 0.2z\"\/><\/svg><\/span><\/a><\/li><li class=\"shariff-button whatsapp shariff-nocustomcolor\" style=\"background-color:#5cbe4a\"><a href=\"https:\/\/api.whatsapp.com\/send?text=https%3A%2F%2Funser-aschbach.de%2Fstaging2025%2Fvereine-2%2Fder-turnverein-1977-aschbach-e-v%2F%20Der%20Turnverein%201977%20Aschbach%20e.V.\" title=\"Bei Whatsapp teilen\" aria-label=\"Bei Whatsapp teilen\" role=\"button\" rel=\"noopener nofollow\" class=\"shariff-link\" style=\"; background-color:#34af23; color:#fff\" target=\"_blank\"><span class=\"shariff-icon\" style=\"\"><svg width=\"32px\" height=\"20px\" xmlns=\"http:\/\/www.w3.org\/2000\/svg\" viewBox=\"0 0 32 32\"><path fill=\"#34af23\" d=\"M17.6 17.4q0.2 0 1.7 0.8t1.6 0.9q0 0.1 0 0.3 0 0.6-0.3 1.4-0.3 0.7-1.3 1.2t-1.8 0.5q-1 0-3.4-1.1-1.7-0.8-3-2.1t-2.6-3.3q-1.3-1.9-1.3-3.5v-0.1q0.1-1.6 1.3-2.8 0.4-0.4 0.9-0.4 0.1 0 0.3 0t0.3 0q0.3 0 0.5 0.1t0.3 0.5q0.1 0.4 0.6 1.6t0.4 1.3q0 0.4-0.6 1t-0.6 0.8q0 0.1 0.1 0.3 0.6 1.3 1.8 2.4 1 0.9 2.7 1.8 0.2 0.1 0.4 0.1 0.3 0 1-0.9t0.9-0.9zM14 26.9q2.3 0 4.3-0.9t3.6-2.4 2.4-3.6 0.9-4.3-0.9-4.3-2.4-3.6-3.6-2.4-4.3-0.9-4.3 0.9-3.6 2.4-2.4 3.6-0.9 4.3q0 3.6 2.1 6.6l-1.4 4.2 4.3-1.4q2.8 1.9 6.2 1.9zM14 2.2q2.7 0 5.2 1.1t4.3 2.9 2.9 4.3 1.1 5.2-1.1 5.2-2.9 4.3-4.3 2.9-5.2 1.1q-3.5 0-6.5-1.7l-7.4 2.4 2.4-7.2q-1.9-3.2-1.9-6.9 0-2.7 1.1-5.2t2.9-4.3 4.3-2.9 5.2-1.1z\"\/><\/svg><\/span><\/a><\/li><\/ul><\/div>","protected":false},"excerpt":{"rendered":"<p>Der Turnverein 1977 Aschbach e.V. hei\u00dft Sie herzlich willkommen Informieren Sie sich \u00fcber unseren Verein und unsere aktuellen Sportangebote. Wir sind ein Breitensportverein f\u00fcr alle Altersgruppen. Bei uns gibt es nicht nur Kinder-, Frauen- und Seniorenturnen, sondern auch noch eine Menge mehr zu entdecken. Wir bieten V\u00f6lkerball, Schau- und Gardetanz, Wandern, Nordic Walking, Badminton, Gymnastik&#8230;<\/p>\n<p> <a class=\"continue-reading-link\" href=\"https:\/\/unser-aschbach.de\/staging2025\/vereine-2\/der-turnverein-1977-aschbach-e-v\/\"><span>weiterlesen<\/span><i class=\"crycon-right-dir\"><\/i><\/a> <\/p>\n","protected":false},"author":1,"featured_media":0,"parent":807,"menu_order":6,"comment_status":"open","ping_status":"open","template":"","meta":{"jetpack_post_was_ever_published":false,"footnotes":""},"class_list":["post-1124","page","type-page","status-publish","hentry"],"jetpack_shortlink":"https:\/\/wp.me\/PggZrZ-i8","jetpack-related-posts":[{"id":807,"url":"https:\/\/unser-aschbach.de\/staging2025\/vereine-2\/","url_meta":{"origin":1124,"position":0},"title":"Vereine und Parteien","author":"Someone","date":"15. Januar 2015","format":false,"excerpt":"Aschbach kann stolz sein auf eine rege Vereinst\u00e4tigkeit. Es wird ein breites Spektrum an Aktivit\u00e4ten f\u00fcr jung und alt angeboten. Ob sportlich, kulturell, kirchlich, kreativ, sozial, gemeinn\u00fctzig, politisch...(fast) alles ist vertreten in Aschbach. Dabei kommt diese breite Palette an Angeboten nicht nur denjenigen zugute, die f\u00fcr sich selbst eine sinnvolle\u2026","rel":"","context":"Mit 2 Kommentaren","block_context":{"text":"Mit 2 Kommentaren","link":"https:\/\/unser-aschbach.de\/staging2025\/vereine-2\/#comments"},"img":{"alt_text":"","src":"https:\/\/i0.wp.com\/unser-aschbach.de\/staging2025\/wp-content\/uploads\/2015\/01\/Wappenwand_bearbeitet1.jpg?fit=1200%2C336&ssl=1&resize=350%2C200","width":350,"height":200,"srcset":"https:\/\/i0.wp.com\/unser-aschbach.de\/staging2025\/wp-content\/uploads\/2015\/01\/Wappenwand_bearbeitet1.jpg?fit=1200%2C336&ssl=1&resize=350%2C200 1x, https:\/\/i0.wp.com\/unser-aschbach.de\/staging2025\/wp-content\/uploads\/2015\/01\/Wappenwand_bearbeitet1.jpg?fit=1200%2C336&ssl=1&resize=525%2C300 1.5x, https:\/\/i0.wp.com\/unser-aschbach.de\/staging2025\/wp-content\/uploads\/2015\/01\/Wappenwand_bearbeitet1.jpg?fit=1200%2C336&ssl=1&resize=700%2C400 2x, https:\/\/i0.wp.com\/unser-aschbach.de\/staging2025\/wp-content\/uploads\/2015\/01\/Wappenwand_bearbeitet1.jpg?fit=1200%2C336&ssl=1&resize=1050%2C600 3x"},"classes":[]},{"id":1237,"url":"https:\/\/unser-aschbach.de\/staging2025\/vereine-2\/tischtennisverein-ttc-aschbach\/","url_meta":{"origin":1124,"position":1},"title":"Tischtennisverein TTC Aschbach","author":"Someone","date":"11. Mai 2015","format":false,"excerpt":"TTC 84 Aschbach \u00a0 Gegr\u00fcndet: 1984 \u00a0 Spielort: Mehrzweckhalle Aschbach \u00a0 Vereinsmitglieder\u00a0: ca. 100 \u00a0 Mannschaften : 2 Herren \u00a0\u00a0\u00a0\u00a0\u00a0\u00a0\u00a0\u00a0\u00a0\u00a0\u00a0\u00a0\u00a0\u00a0\u00a0\u00a0\u00a0\u00a0\u00a0\u00a0\u00a0\u00a0\u00a0\u00a0 Unsere\u00a0erste Mannschaft spielt in der 1. Kreisklasse West. \u00a0\u00a0\u00a0\u00a0\u00a0\u00a0\u00a0\u00a0\u00a0\u00a0\u00a0\u00a0\u00a0\u00a0\u00a0\u00a0\u00a0\u00a0\u00a0\u00a0\u00a0\u00a0\u00a0\u00a0 Die zweite Mannschaft spielt in der 2. Kreisklasse West. \u00a0 \u00a0 Trainingszeiten : Jugend : 18.30 - 20.00 Uhr (dienstags) \u00a0\u00a0\u00a0\u00a0\u00a0\u00a0\u00a0\u00a0\u00a0\u00a0\u00a0\u00a0\u00a0\u00a0\u00a0\u00a0\u00a0\u00a0\u00a0\u00a0\u00a0\u00a0\u00a0\u00a0\u00a0\u00a0\u00a0\u00a0\u00a0\u00a0\u00a0\u00a0\u00a0\u00a0\u00a0\u00a0\u00a0\u00a0\u00a0\u00a0\u00a0\u00a017.00\u2026","rel":"","context":"\u00c4hnlicher Beitrag","block_context":{"text":"\u00c4hnlicher Beitrag","link":""},"img":{"alt_text":"","src":"","width":0,"height":0},"classes":[]},{"id":1036,"url":"https:\/\/unser-aschbach.de\/staging2025\/fotoalbum\/bilder-obst-und-gartenbauverein\/","url_meta":{"origin":1124,"position":2},"title":"Bilder Obst- und Gartenbauverein","author":"Someone","date":"22. Februar 2015","format":false,"excerpt":"Sie finden \u00fcber den Obst- und Gartenbauverein Aschbach auch Informationen auf unserer Seite \"Vereine\"- https:\/\/unser-aschbach.de\/staging2025\/wp-admin\/post.php?post=1024&action=edit&message= Im Oktober 2011 konnte der Obst- und Gartenbauverein Aschbach sein 100-j\u00e4hriges Bestehen feiern. Kinderferienaktion 2010 Vereinsfahrt 1996 \u00a0 \u00a0","rel":"","context":"\u00c4hnlicher Beitrag","block_context":{"text":"\u00c4hnlicher Beitrag","link":""},"img":{"alt_text":"","src":"https:\/\/i0.wp.com\/unser-aschbach.de\/staging2025\/wp-content\/uploads\/2015\/02\/DSC_5423.jpg?resize=350%2C200","width":350,"height":200,"srcset":"https:\/\/i0.wp.com\/unser-aschbach.de\/staging2025\/wp-content\/uploads\/2015\/02\/DSC_5423.jpg?resize=350%2C200 1x, https:\/\/i0.wp.com\/unser-aschbach.de\/staging2025\/wp-content\/uploads\/2015\/02\/DSC_5423.jpg?resize=525%2C300 1.5x, https:\/\/i0.wp.com\/unser-aschbach.de\/staging2025\/wp-content\/uploads\/2015\/02\/DSC_5423.jpg?resize=700%2C400 2x, https:\/\/i0.wp.com\/unser-aschbach.de\/staging2025\/wp-content\/uploads\/2015\/02\/DSC_5423.jpg?resize=1050%2C600 3x"},"classes":[]},{"id":1024,"url":"https:\/\/unser-aschbach.de\/staging2025\/obst-und-gartenbauverein-aschbach\/","url_meta":{"origin":1124,"position":3},"title":"Obst- und Gartenbauverein Aschbach","author":"Someone","date":"22. Februar 2015","format":false,"excerpt":"Die Gr\u00fcndung des Obst- und Gartenbauvereines erfolgte im Jahr 1911 im damaligen Gasthaus \u201eBohlen Marei K\u00e4tt\u201c. 20 Aschbacher B\u00fcrger fanden sich zur Gr\u00fcndungsversammlung ein. Sie w\u00e4hlten Johann Klein zu ihrem Vorsitzenden. Weitere Vorstandsmitglieder waren: Johann Wilhelm, Johann Braun, Johann Wagner, Nikolaus Wagner und Johann Sch\u00e4fer. Wie bei allen einheimischen Vereinen\u2026","rel":"","context":"\u00c4hnlicher Beitrag","block_context":{"text":"\u00c4hnlicher Beitrag","link":""},"img":{"alt_text":"","src":"https:\/\/i0.wp.com\/unser-aschbach.de\/staging2025\/wp-content\/uploads\/2015\/02\/Bild-3-e1424629475130.jpg?fit=1200%2C333&ssl=1&resize=350%2C200","width":350,"height":200,"srcset":"https:\/\/i0.wp.com\/unser-aschbach.de\/staging2025\/wp-content\/uploads\/2015\/02\/Bild-3-e1424629475130.jpg?fit=1200%2C333&ssl=1&resize=350%2C200 1x, https:\/\/i0.wp.com\/unser-aschbach.de\/staging2025\/wp-content\/uploads\/2015\/02\/Bild-3-e1424629475130.jpg?fit=1200%2C333&ssl=1&resize=525%2C300 1.5x, https:\/\/i0.wp.com\/unser-aschbach.de\/staging2025\/wp-content\/uploads\/2015\/02\/Bild-3-e1424629475130.jpg?fit=1200%2C333&ssl=1&resize=700%2C400 2x, https:\/\/i0.wp.com\/unser-aschbach.de\/staging2025\/wp-content\/uploads\/2015\/02\/Bild-3-e1424629475130.jpg?fit=1200%2C333&ssl=1&resize=1050%2C600 3x"},"classes":[]},{"id":122,"url":"https:\/\/unser-aschbach.de\/staging2025\/fotoalbum\/alte-dorfansichten\/","url_meta":{"origin":1124,"position":4},"title":"Alte Dorfansichten","author":"Someone","date":"4. Dezember 2014","format":false,"excerpt":"Stra\u00dfenansichten nach dem Ende des Zweiten Weltkrieges bis Mitte der Siebziger Jahre. (Fotos: Archiv Historischer Verein Aschbach) Die alte Theelbr\u00fccke Die urspr\u00fcngliche alte\u00a0Theelbr\u00fccke, wie sie auf nachfolgenden Fotos zu sehen ist, \u00a0wurde 1834 von Adam Caryot (1773 - 1843) erbaut. \u00a01969 musste diese\u00a0Br\u00fccke\u00a0wegen Sicherheitsm\u00e4ngeln\u00a0abgerissen werden. (Fotos: Archiv Historischer Verein Aschbach)\u2026","rel":"","context":"\u00c4hnlicher Beitrag","block_context":{"text":"\u00c4hnlicher Beitrag","link":""},"img":{"alt_text":"","src":"https:\/\/i0.wp.com\/unser-aschbach.de\/staging2025\/wp-content\/uploads\/2014\/11\/A260028.jpg?fit=1200%2C675&ssl=1&resize=350%2C200","width":350,"height":200,"srcset":"https:\/\/i0.wp.com\/unser-aschbach.de\/staging2025\/wp-content\/uploads\/2014\/11\/A260028.jpg?fit=1200%2C675&ssl=1&resize=350%2C200 1x, https:\/\/i0.wp.com\/unser-aschbach.de\/staging2025\/wp-content\/uploads\/2014\/11\/A260028.jpg?fit=1200%2C675&ssl=1&resize=525%2C300 1.5x, https:\/\/i0.wp.com\/unser-aschbach.de\/staging2025\/wp-content\/uploads\/2014\/11\/A260028.jpg?fit=1200%2C675&ssl=1&resize=700%2C400 2x, https:\/\/i0.wp.com\/unser-aschbach.de\/staging2025\/wp-content\/uploads\/2014\/11\/A260028.jpg?fit=1200%2C675&ssl=1&resize=1050%2C600 3x"},"classes":[]},{"id":1071,"url":"https:\/\/unser-aschbach.de\/staging2025\/historischer-verein-aschbach-2\/","url_meta":{"origin":1124,"position":5},"title":"Historischer Verein Aschbach","author":"Someone","date":"23. Februar 2015","format":false,"excerpt":"Gegr\u00fcndet wurde der Historische Verein Aschbach auf Initiative der Arbeitsgruppe Dorfgeschichte, die im Rahmen eines Projektes \"Dorfentwicklung\" ins Leben gerufen\u00a0\u00a0wurde. Die Gr\u00fcndungsversammlung fand am 11. Januar 2009 im Nebenraum des Gasthauses Bl\u00e4ttche statt. 21 Aschbacher B\u00fcrgerinnen und B\u00fcrger waren anwesend, von denen 17 dem Verein beitraten. Unter der Versammlungsleitung des\u2026","rel":"","context":"\u00c4hnlicher Beitrag","block_context":{"text":"\u00c4hnlicher Beitrag","link":""},"img":{"alt_text":"","src":"https:\/\/i0.wp.com\/unser-aschbach.de\/staging2025\/wp-content\/uploads\/2015\/02\/Messtischblatt-1843_1878-400-e1426532342275.jpg?fit=1200%2C385&ssl=1&resize=350%2C200","width":350,"height":200,"srcset":"https:\/\/i0.wp.com\/unser-aschbach.de\/staging2025\/wp-content\/uploads\/2015\/02\/Messtischblatt-1843_1878-400-e1426532342275.jpg?fit=1200%2C385&ssl=1&resize=350%2C200 1x, https:\/\/i0.wp.com\/unser-aschbach.de\/staging2025\/wp-content\/uploads\/2015\/02\/Messtischblatt-1843_1878-400-e1426532342275.jpg?fit=1200%2C385&ssl=1&resize=525%2C300 1.5x, https:\/\/i0.wp.com\/unser-aschbach.de\/staging2025\/wp-content\/uploads\/2015\/02\/Messtischblatt-1843_1878-400-e1426532342275.jpg?fit=1200%2C385&ssl=1&resize=700%2C400 2x, https:\/\/i0.wp.com\/unser-aschbach.de\/staging2025\/wp-content\/uploads\/2015\/02\/Messtischblatt-1843_1878-400-e1426532342275.jpg?fit=1200%2C385&ssl=1&resize=1050%2C600 3x"},"classes":[]}],"jetpack_sharing_enabled":true,"_links":{"self":[{"href":"https:\/\/unser-aschbach.de\/staging2025\/wp-json\/wp\/v2\/pages\/1124","targetHints":{"allow":["GET"]}}],"collection":[{"href":"https:\/\/unser-aschbach.de\/staging2025\/wp-json\/wp\/v2\/pages"}],"about":[{"href":"https:\/\/unser-aschbach.de\/staging2025\/wp-json\/wp\/v2\/types\/page"}],"author":[{"embeddable":true,"href":"https:\/\/unser-aschbach.de\/staging2025\/wp-json\/wp\/v2\/users\/1"}],"replies":[{"embeddable":true,"href":"https:\/\/unser-aschbach.de\/staging2025\/wp-json\/wp\/v2\/comments?post=1124"}],"version-history":[{"count":2,"href":"https:\/\/unser-aschbach.de\/staging2025\/wp-json\/wp\/v2\/pages\/1124\/revisions"}],"predecessor-version":[{"id":1127,"href":"https:\/\/unser-aschbach.de\/staging2025\/wp-json\/wp\/v2\/pages\/1124\/revisions\/1127"}],"up":[{"embeddable":true,"href":"https:\/\/unser-aschbach.de\/staging2025\/wp-json\/wp\/v2\/pages\/807"}],"wp:attachment":[{"href":"https:\/\/unser-aschbach.de\/staging2025\/wp-json\/wp\/v2\/media?parent=1124"}],"curies":[{"name":"wp","href":"https:\/\/api.w.org\/{rel}","templated":true}]}}